{"id":9525,"date":"2024-06-26T08:37:34","date_gmt":"2024-06-26T06:37:34","guid":{"rendered":"https:\/\/www.2ungrad.de\/laden\/?post_type=product&#038;p=9525"},"modified":"2026-02-09T11:14:46","modified_gmt":"2026-02-09T09:14:46","slug":"pocket-5","status":"publish","type":"product","link":"https:\/\/www.2ungrad.de\/laden\/produkt\/pocket-5\/","title":{"rendered":"Pocket"},"content":{"rendered":"<p>Kleines T\u00e4schchen f\u00fcr Geld, Kosmetik oder Sch\u00e4tze aller Art. Beidseitig kaschiertes Altpapier, sehr haltbar, mit Rei\u00dfverschluss. Muster auch innen. Ca. 10 x 7 cm. Aus gebrauchten Original LurchiSalamander \u00ae Heften, die wir aus Altpapiersammlungen oder Flohmarkt-B\u00fccherkisten retten. Von uns in Karlsruhe handgefertigt.<\/p>\n","protected":false},"excerpt":{"rendered":"<p>Pocket<\/p>\n","protected":false},"featured_media":9527,"template":"","meta":[],"product_brand":[],"product_cat":[220],"product_tag":[219,217,218],"class_list":{"0":"post-9525","1":"product","2":"type-product","3":"status-publish","4":"has-post-thumbnail","6":"product_cat-pockets","7":"product_tag-geldbeutel","8":"product_tag-lurchi","9":"product_tag-salamander","10":"product_shipping_class-brief","11":"gallery-content-unit","13":"first","14":"instock","15":"sold-individually","16":"taxable","17":"shipping-taxable","18":"purchasable","19":"product-type-simple"},"_links":{"self":[{"href":"https:\/\/www.2ungrad.de\/laden\/wp-json\/wp\/v2\/product\/9525","targetHints":{"allow":["GET"]}}],"collection":[{"href":"https:\/\/www.2ungrad.de\/laden\/wp-json\/wp\/v2\/product"}],"about":[{"href":"https:\/\/www.2ungrad.de\/laden\/wp-json\/wp\/v2\/types\/product"}],"wp:featuredmedia":[{"embeddable":true,"href":"https:\/\/www.2ungrad.de\/laden\/wp-json\/wp\/v2\/media\/9527"}],"wp:attachment":[{"href":"https:\/\/www.2ungrad.de\/laden\/wp-json\/wp\/v2\/media?parent=9525"}],"wp:term":[{"taxonomy":"product_brand","embeddable":true,"href":"https:\/\/www.2ungrad.de\/laden\/wp-json\/wp\/v2\/product_brand?post=9525"},{"taxonomy":"product_cat","embeddable":true,"href":"https:\/\/www.2ungrad.de\/laden\/wp-json\/wp\/v2\/product_cat?post=9525"},{"taxonomy":"product_tag","embeddable":true,"href":"https:\/\/www.2ungrad.de\/laden\/wp-json\/wp\/v2\/product_tag?post=9525"}],"curies":[{"name":"wp","href":"https:\/\/api.w.org\/{rel}","templated":true}]}}