{"id":9340,"date":"2024-04-20T22:54:46","date_gmt":"2024-04-20T20:54:46","guid":{"rendered":"https:\/\/www.2ungrad.de\/laden\/?post_type=product&#038;p=9340"},"modified":"2024-12-08T23:35:03","modified_gmt":"2024-12-08T21:35:03","slug":"skizzenheft","status":"publish","type":"product","link":"https:\/\/www.2ungrad.de\/laden\/produkt\/skizzenheft\/","title":{"rendered":"Skizzenheft"},"content":{"rendered":"<p>Skizzenblock mit 40 Seiten (20 Bl\u00e4ttern). Format A5 (14,8 x 21 cm). Zum Nachf\u00fcllen unserer <a href=\"https:\/\/www.2ungrad.de\/laden\/produkt-kategorie\/logbuch-logbuch\/\">Logb\u00fccher<\/a> oder auch einfach so. Wei\u00dfes Zeichenpapier. 140g\/qm. S\u00e4urefrei und altersbest\u00e4ndig. Passende L\u00f6cher zur patentreifen Befestigung vorhanden. Frankiert. In schwarz, anthrazit und hellgrau lieferbar.<\/p>\n","protected":false},"excerpt":{"rendered":"<p>Skizzenblock mit 40 Seiten (20 Bl\u00e4ttern). Format A5 (14,8 x 21 cm). Zum Nachf\u00fcllen unserer Logb\u00fccher oder auch einfach so. Wei\u00dfes Zeichenpapier. 140g\/qm. S\u00e4urefrei und altersbest\u00e4ndig. Passende L\u00f6cher zur patentreifen Befestigung vorhanden. Frankiert. In schwarz, anthrazit und hellgrau lieferbar.<\/p>\n","protected":false},"featured_media":9341,"template":"","meta":[],"product_brand":[],"product_cat":[90],"product_tag":[325,323,180,324],"class_list":{"0":"post-9340","1":"product","2":"type-product","3":"status-publish","4":"has-post-thumbnail","6":"product_cat-zubehoer","7":"product_tag-a5","8":"product_tag-logbuch","9":"product_tag-nachfuellen","10":"product_tag-skizzenheft","11":"gallery-content-unit","13":"first","14":"instock","15":"taxable","16":"shipping-taxable","17":"purchasable","18":"product-type-variable"},"_links":{"self":[{"href":"https:\/\/www.2ungrad.de\/laden\/wp-json\/wp\/v2\/product\/9340","targetHints":{"allow":["GET"]}}],"collection":[{"href":"https:\/\/www.2ungrad.de\/laden\/wp-json\/wp\/v2\/product"}],"about":[{"href":"https:\/\/www.2ungrad.de\/laden\/wp-json\/wp\/v2\/types\/product"}],"wp:featuredmedia":[{"embeddable":true,"href":"https:\/\/www.2ungrad.de\/laden\/wp-json\/wp\/v2\/media\/9341"}],"wp:attachment":[{"href":"https:\/\/www.2ungrad.de\/laden\/wp-json\/wp\/v2\/media?parent=9340"}],"wp:term":[{"taxonomy":"product_brand","embeddable":true,"href":"https:\/\/www.2ungrad.de\/laden\/wp-json\/wp\/v2\/product_brand?post=9340"},{"taxonomy":"product_cat","embeddable":true,"href":"https:\/\/www.2ungrad.de\/laden\/wp-json\/wp\/v2\/product_cat?post=9340"},{"taxonomy":"product_tag","embeddable":true,"href":"https:\/\/www.2ungrad.de\/laden\/wp-json\/wp\/v2\/product_tag?post=9340"}],"curies":[{"name":"wp","href":"https:\/\/api.w.org\/{rel}","templated":true}]}}