{"id":8966,"date":"2024-03-15T15:43:51","date_gmt":"2024-03-15T13:43:51","guid":{"rendered":"https:\/\/www.2ungrad.de\/laden\/?post_type=product&#038;p=8966"},"modified":"2025-02-27T21:19:25","modified_gmt":"2025-02-27T19:19:25","slug":"kritzel-46","status":"publish","type":"product","link":"https:\/\/www.2ungrad.de\/laden\/produkt\/kritzel-46\/","title":{"rendered":"Kritzel"},"content":{"rendered":"<p>Notizb\u00fccher aus alten Kinder- und Jugendb\u00fcchern. Jedes Kritzel besteht aus einzelnen Originalseiten (ca. 10 bis 15) des jeweiligen Buchs und vielen Blankoseiten (ca. 90) f\u00fcr eigene Notizen. Nat\u00fcrlich Recyclingpapier. Robuste Spiralbindung und stabiles Gummiband zum Verschlie\u00dfen des Buches.<\/p>\n<p>Alte Rechtschreibung. Ansprechende Illustrationen. Teilweise mit Original-Eintr\u00e4gen. Alle B\u00fccher sind gebraucht und weisen dementsprechend mehr oder weniger Gebrauchsspuren auf.<\/p>\n<p>Die Bondie M\u00e4dels (Schneiderbuch)<\/p>\n","protected":false},"excerpt":{"rendered":"<p>Notizbuch &#8211; Kritzel<\/p>\n","protected":false},"featured_media":8684,"template":"","meta":[],"product_brand":[],"product_cat":[223],"product_tag":[318,182,242],"class_list":{"0":"post-8966","1":"product","2":"type-product","3":"status-publish","4":"has-post-thumbnail","6":"product_cat-kritzel","7":"product_tag-jugendbuecher","8":"product_tag-notizbuch","9":"product_tag-schneiderbuch","10":"gallery-content-unit","12":"first","13":"instock","14":"taxable","15":"shipping-taxable","16":"purchasable","17":"product-type-simple"},"_links":{"self":[{"href":"https:\/\/www.2ungrad.de\/laden\/wp-json\/wp\/v2\/product\/8966","targetHints":{"allow":["GET"]}}],"collection":[{"href":"https:\/\/www.2ungrad.de\/laden\/wp-json\/wp\/v2\/product"}],"about":[{"href":"https:\/\/www.2ungrad.de\/laden\/wp-json\/wp\/v2\/types\/product"}],"wp:featuredmedia":[{"embeddable":true,"href":"https:\/\/www.2ungrad.de\/laden\/wp-json\/wp\/v2\/media\/8684"}],"wp:attachment":[{"href":"https:\/\/www.2ungrad.de\/laden\/wp-json\/wp\/v2\/media?parent=8966"}],"wp:term":[{"taxonomy":"product_brand","embeddable":true,"href":"https:\/\/www.2ungrad.de\/laden\/wp-json\/wp\/v2\/product_brand?post=8966"},{"taxonomy":"product_cat","embeddable":true,"href":"https:\/\/www.2ungrad.de\/laden\/wp-json\/wp\/v2\/product_cat?post=8966"},{"taxonomy":"product_tag","embeddable":true,"href":"https:\/\/www.2ungrad.de\/laden\/wp-json\/wp\/v2\/product_tag?post=8966"}],"curies":[{"name":"wp","href":"https:\/\/api.w.org\/{rel}","templated":true}]}}