{"id":8857,"date":"2024-03-12T09:23:34","date_gmt":"2024-03-12T07:23:34","guid":{"rendered":"https:\/\/www.2ungrad.de\/laden\/?post_type=product&#038;p=8857"},"modified":"2025-07-25T23:39:00","modified_gmt":"2025-07-25T21:39:00","slug":"iso-grifo","status":"publish","type":"product","link":"https:\/\/www.2ungrad.de\/laden\/produkt\/iso-grifo\/","title":{"rendered":"Iso Grifo"},"content":{"rendered":"<p>Alte Spielzeugautos ber\u00fchmter Marken, mindestens 40 Jahre alt. Teilweise starke Gebrauchsspuren. Bespielt und geliebt. Mit stabilem Metallkettchen. Ein au\u00dfergew\u00f6hnlicher Schmuck f\u00fcr jeden Schl\u00fcsselbund. Einzelst\u00fcck.<\/p>\n<p>Iso Grifo &#8211; &#8222;Matchbox&#8220; Superfast\u00ae Nr. 14 &#8211; blau-metallic &#8211; ohne T\u00fcren.<\/p>\n<p>T\u00dcV abgelaufen!<\/p>\n","protected":false},"excerpt":{"rendered":"<p>Karre<\/p>\n","protected":false},"featured_media":8858,"template":"","meta":[],"product_brand":[],"product_cat":[292],"product_tag":[294,290,291,293,295,139],"class_list":{"0":"post-8857","1":"product","2":"type-product","3":"status-publish","4":"has-post-thumbnail","6":"product_cat-karre","7":"product_tag-auto","8":"product_tag-einzelstueck","9":"product_tag-handmade","10":"product_tag-schluessel","11":"product_tag-spielzeug","12":"product_tag-vintage","13":"product_shipping_class-brief","14":"gallery-content-unit","16":"first","17":"instock","18":"sold-individually","19":"taxable","20":"shipping-taxable","21":"purchasable","22":"product-type-simple"},"_links":{"self":[{"href":"https:\/\/www.2ungrad.de\/laden\/wp-json\/wp\/v2\/product\/8857","targetHints":{"allow":["GET"]}}],"collection":[{"href":"https:\/\/www.2ungrad.de\/laden\/wp-json\/wp\/v2\/product"}],"about":[{"href":"https:\/\/www.2ungrad.de\/laden\/wp-json\/wp\/v2\/types\/product"}],"wp:featuredmedia":[{"embeddable":true,"href":"https:\/\/www.2ungrad.de\/laden\/wp-json\/wp\/v2\/media\/8858"}],"wp:attachment":[{"href":"https:\/\/www.2ungrad.de\/laden\/wp-json\/wp\/v2\/media?parent=8857"}],"wp:term":[{"taxonomy":"product_brand","embeddable":true,"href":"https:\/\/www.2ungrad.de\/laden\/wp-json\/wp\/v2\/product_brand?post=8857"},{"taxonomy":"product_cat","embeddable":true,"href":"https:\/\/www.2ungrad.de\/laden\/wp-json\/wp\/v2\/product_cat?post=8857"},{"taxonomy":"product_tag","embeddable":true,"href":"https:\/\/www.2ungrad.de\/laden\/wp-json\/wp\/v2\/product_tag?post=8857"}],"curies":[{"name":"wp","href":"https:\/\/api.w.org\/{rel}","templated":true}]}}