{"id":7870,"date":"2023-11-23T00:25:44","date_gmt":"2023-11-22T22:25:44","guid":{"rendered":"https:\/\/www.2ungrad.de\/laden\/?post_type=product&#038;p=7870"},"modified":"2025-10-30T00:42:35","modified_gmt":"2025-10-29T22:42:35","slug":"liese-41","status":"publish","type":"product","link":"https:\/\/www.2ungrad.de\/laden\/produkt\/liese-41\/","title":{"rendered":"Liese"},"content":{"rendered":"<p>Stabile Untersetzer aus S\u00fc\u00dfwasser-Kalkstein im Retro-Look. Feuchtigkeits- und hitzestabil. Motive sowohl alter Vorsatz- und Geschenkpapiere als auch Illustrationen alter B\u00fccher, in verschiedenen Kombinationen. Jedes ein Einzelst\u00fcck. Handmade in Karlsruhe. Auch als Wandschmuck wundersch\u00f6n. 10 x 10 cm, ca. 230g. Mit vier Standnoppen an der Unterseite.<\/p>\n","protected":false},"excerpt":{"rendered":"<p>Liese &#8211; Untersetzer<\/p>\n","protected":false},"featured_media":7871,"template":"","meta":[],"product_brand":[],"product_cat":[207],"product_tag":[209,208,210],"class_list":{"0":"post-7870","1":"product","2":"type-product","3":"status-publish","4":"has-post-thumbnail","6":"product_cat-liesen","7":"product_tag-fliesen","8":"product_tag-liesen","9":"product_tag-untersetzer","10":"product_shipping_class-hermes-versand-versichert","11":"gallery-content-unit","13":"first","14":"instock","15":"sold-individually","16":"taxable","17":"shipping-taxable","18":"purchasable","19":"product-type-simple"},"_links":{"self":[{"href":"https:\/\/www.2ungrad.de\/laden\/wp-json\/wp\/v2\/product\/7870","targetHints":{"allow":["GET"]}}],"collection":[{"href":"https:\/\/www.2ungrad.de\/laden\/wp-json\/wp\/v2\/product"}],"about":[{"href":"https:\/\/www.2ungrad.de\/laden\/wp-json\/wp\/v2\/types\/product"}],"wp:featuredmedia":[{"embeddable":true,"href":"https:\/\/www.2ungrad.de\/laden\/wp-json\/wp\/v2\/media\/7871"}],"wp:attachment":[{"href":"https:\/\/www.2ungrad.de\/laden\/wp-json\/wp\/v2\/media?parent=7870"}],"wp:term":[{"taxonomy":"product_brand","embeddable":true,"href":"https:\/\/www.2ungrad.de\/laden\/wp-json\/wp\/v2\/product_brand?post=7870"},{"taxonomy":"product_cat","embeddable":true,"href":"https:\/\/www.2ungrad.de\/laden\/wp-json\/wp\/v2\/product_cat?post=7870"},{"taxonomy":"product_tag","embeddable":true,"href":"https:\/\/www.2ungrad.de\/laden\/wp-json\/wp\/v2\/product_tag?post=7870"}],"curies":[{"name":"wp","href":"https:\/\/api.w.org\/{rel}","templated":true}]}}