{"id":781,"date":"2016-04-05T12:54:24","date_gmt":"2016-04-05T10:54:24","guid":{"rendered":"http:\/\/www.tassenlampen.de\/block\/?product=schroeder-6"},"modified":"2025-10-14T20:34:07","modified_gmt":"2025-10-14T18:34:07","slug":"schroeder-6","status":"publish","type":"product","link":"https:\/\/www.2ungrad.de\/laden\/produkt\/schroeder-6\/","title":{"rendered":"Schr\u00f6der"},"content":{"rendered":"<p>Die einzigartige Mischung aus hartem B\u00fcroalltag und romantischem Kaffeetrinken. Die perfekte L\u00f6sung f\u00fcr die Aufbewahrung von Schl\u00fcsseln, Handt\u00fcchern oder Schmuck. Gebrauchte Schnapper werden auf edle Porzellanteller montiert. Zwei L\u00f6cher im Teller und Metall dienen der Wandmontage.<\/p>\n<p>Teller aus cremefarbenem Porzellan mit Mustern aus abstrakten Bl\u00fcten in gold und bordeaux. Schnapper Made in Germany.<\/p>\n<p>Durchmesser ca. 20 cm, Tiefe des Schnappers ca. 7 cm.<\/p>\n<p>Schraubenset inklusive.<\/p>\n","protected":false},"excerpt":{"rendered":"<p>Die einzigartige Mischung aus hartem B\u00fcroalltag und romantischem Kaffeetrinken. Die perfekte L\u00f6sung f\u00fcr die Aufbewahrung von Schl\u00fcsseln, Handt\u00fcchern oder Schmuck. Gebrauchte Schnapper werden auf edle Porzellanteller montiert. Zwei L\u00f6cher im Teller und Metall dienen der Wandmontage. Teller aus cremefarbenem Porzellan mit Mustern aus abstrakten Bl\u00fcten in gold und bordeaux. Schnapper Made in Germany. Durchmesser ca. [&hellip;]<\/p>\n","protected":false},"featured_media":782,"template":"","meta":[],"product_brand":[],"product_cat":[85],"product_tag":[99,96],"class_list":{"0":"post-781","1":"product","2":"type-product","3":"status-publish","4":"has-post-thumbnail","6":"product_cat-schroeder","7":"product_tag-bordeaux","8":"product_tag-gold","9":"gallery-content-unit","11":"first","12":"outofstock","13":"taxable","14":"shipping-taxable","15":"purchasable","16":"product-type-simple"},"_links":{"self":[{"href":"https:\/\/www.2ungrad.de\/laden\/wp-json\/wp\/v2\/product\/781","targetHints":{"allow":["GET"]}}],"collection":[{"href":"https:\/\/www.2ungrad.de\/laden\/wp-json\/wp\/v2\/product"}],"about":[{"href":"https:\/\/www.2ungrad.de\/laden\/wp-json\/wp\/v2\/types\/product"}],"wp:featuredmedia":[{"embeddable":true,"href":"https:\/\/www.2ungrad.de\/laden\/wp-json\/wp\/v2\/media\/782"}],"wp:attachment":[{"href":"https:\/\/www.2ungrad.de\/laden\/wp-json\/wp\/v2\/media?parent=781"}],"wp:term":[{"taxonomy":"product_brand","embeddable":true,"href":"https:\/\/www.2ungrad.de\/laden\/wp-json\/wp\/v2\/product_brand?post=781"},{"taxonomy":"product_cat","embeddable":true,"href":"https:\/\/www.2ungrad.de\/laden\/wp-json\/wp\/v2\/product_cat?post=781"},{"taxonomy":"product_tag","embeddable":true,"href":"https:\/\/www.2ungrad.de\/laden\/wp-json\/wp\/v2\/product_tag?post=781"}],"curies":[{"name":"wp","href":"https:\/\/api.w.org\/{rel}","templated":true}]}}