{"id":774,"date":"2016-04-05T12:49:47","date_gmt":"2016-04-05T10:49:47","guid":{"rendered":"http:\/\/www.tassenlampen.de\/block\/?product=schroeder-5"},"modified":"2025-10-29T23:53:52","modified_gmt":"2025-10-29T21:53:52","slug":"schroeder-5","status":"publish","type":"product","link":"https:\/\/www.2ungrad.de\/laden\/produkt\/schroeder-5\/","title":{"rendered":"Schr\u00f6der"},"content":{"rendered":"<p>Die einzigartige Mischung aus hartem B\u00fcroalltag und romantischem Kaffeetrinken. Die perfekte L\u00f6sung f\u00fcr die Aufbewahrung von Schl\u00fcsseln, Handt\u00fcchern oder Schmuck. Gebrauchte Schnapper werden auf edle Porzellanteller montiert. Zwei L\u00f6cher im Teller und Metall dienen der Wandmontage.<\/p>\n<p>Teller aus cremefarbenem Porzellan mit einem sch\u00f6nen Muster am \u00e4u\u00dferen Ring aus Gold und Schwarz. Schnapper Made in Germany.<\/p>\n<p>Durchmesser ca. 20 cm, Tiefe des Schnappers ca. 7 cm<\/p>\n<p>Schraubenset inklusive.<\/p>\n","protected":false},"excerpt":{"rendered":"<p>Die einzigartige Mischung aus hartem B\u00fcroalltag und romantischem Kaffeetrinken. Die perfekte L\u00f6sung f\u00fcr die Aufbewahrung von Schl\u00fcsseln, Handt\u00fcchern oder Schmuck. Gebrauchte Schnapper werden auf edle Porzellanteller montiert. Zwei L\u00f6cher im Teller und Metall dienen der Wandmontage. Teller aus cremefarbenem Porzellan mit einem sch\u00f6nen Muster am \u00e4u\u00dferen Ring aus Gold und Schwarz. Schnapper Made in Germany. [&hellip;]<\/p>\n","protected":false},"featured_media":775,"template":"","meta":[],"product_brand":[],"product_cat":[85],"product_tag":[98,96,97],"class_list":{"0":"post-774","1":"product","2":"type-product","3":"status-publish","4":"has-post-thumbnail","6":"product_cat-schroeder","7":"product_tag-edel","8":"product_tag-gold","9":"product_tag-schwarz","10":"product_shipping_class-hermes-versand-versichert","11":"gallery-content-unit","13":"first","14":"instock","15":"taxable","16":"shipping-taxable","17":"purchasable","18":"product-type-simple"},"_links":{"self":[{"href":"https:\/\/www.2ungrad.de\/laden\/wp-json\/wp\/v2\/product\/774","targetHints":{"allow":["GET"]}}],"collection":[{"href":"https:\/\/www.2ungrad.de\/laden\/wp-json\/wp\/v2\/product"}],"about":[{"href":"https:\/\/www.2ungrad.de\/laden\/wp-json\/wp\/v2\/types\/product"}],"wp:featuredmedia":[{"embeddable":true,"href":"https:\/\/www.2ungrad.de\/laden\/wp-json\/wp\/v2\/media\/775"}],"wp:attachment":[{"href":"https:\/\/www.2ungrad.de\/laden\/wp-json\/wp\/v2\/media?parent=774"}],"wp:term":[{"taxonomy":"product_brand","embeddable":true,"href":"https:\/\/www.2ungrad.de\/laden\/wp-json\/wp\/v2\/product_brand?post=774"},{"taxonomy":"product_cat","embeddable":true,"href":"https:\/\/www.2ungrad.de\/laden\/wp-json\/wp\/v2\/product_cat?post=774"},{"taxonomy":"product_tag","embeddable":true,"href":"https:\/\/www.2ungrad.de\/laden\/wp-json\/wp\/v2\/product_tag?post=774"}],"curies":[{"name":"wp","href":"https:\/\/api.w.org\/{rel}","templated":true}]}}