{"id":7678,"date":"2023-10-03T18:02:53","date_gmt":"2023-10-03T16:02:53","guid":{"rendered":"https:\/\/www.2ungrad.de\/laden\/?post_type=product&#038;p=7678"},"modified":"2025-04-08T10:08:39","modified_gmt":"2025-04-08T08:08:39","slug":"kritzel-16","status":"publish","type":"product","link":"https:\/\/www.2ungrad.de\/laden\/produkt\/kritzel-16\/","title":{"rendered":"Kritzel"},"content":{"rendered":"<p>Notizb\u00fccher aus den alten originalen Kinder- und Jugendb\u00fcchern. Jedes Buch versehen mit einzelnen Originalseiten aus dem jeweiligen Buch und vielen Blankoseiten (ca. 100) f\u00fcr eigene Notizen. Recyclingpapier.<\/p>\n<p>Alte Rechtschreibung und entsprechende Illustrationen.<\/p>\n<p>Gustl Kernmayer: Gitta der junge Filmstar (Franz-Schneider-Verlag)<\/p>\n","protected":false},"excerpt":{"rendered":"<p>Notizbuch &#8211; Kritzel<\/p>\n","protected":false},"featured_media":7679,"template":"","meta":[],"product_brand":[],"product_cat":[223],"product_tag":[318,182],"class_list":{"0":"post-7678","1":"product","2":"type-product","3":"status-publish","4":"has-post-thumbnail","6":"product_cat-kritzel","7":"product_tag-jugendbuecher","8":"product_tag-notizbuch","9":"gallery-content-unit","11":"first","12":"instock","13":"taxable","14":"shipping-taxable","15":"purchasable","16":"product-type-simple"},"_links":{"self":[{"href":"https:\/\/www.2ungrad.de\/laden\/wp-json\/wp\/v2\/product\/7678","targetHints":{"allow":["GET"]}}],"collection":[{"href":"https:\/\/www.2ungrad.de\/laden\/wp-json\/wp\/v2\/product"}],"about":[{"href":"https:\/\/www.2ungrad.de\/laden\/wp-json\/wp\/v2\/types\/product"}],"wp:featuredmedia":[{"embeddable":true,"href":"https:\/\/www.2ungrad.de\/laden\/wp-json\/wp\/v2\/media\/7679"}],"wp:attachment":[{"href":"https:\/\/www.2ungrad.de\/laden\/wp-json\/wp\/v2\/media?parent=7678"}],"wp:term":[{"taxonomy":"product_brand","embeddable":true,"href":"https:\/\/www.2ungrad.de\/laden\/wp-json\/wp\/v2\/product_brand?post=7678"},{"taxonomy":"product_cat","embeddable":true,"href":"https:\/\/www.2ungrad.de\/laden\/wp-json\/wp\/v2\/product_cat?post=7678"},{"taxonomy":"product_tag","embeddable":true,"href":"https:\/\/www.2ungrad.de\/laden\/wp-json\/wp\/v2\/product_tag?post=7678"}],"curies":[{"name":"wp","href":"https:\/\/api.w.org\/{rel}","templated":true}]}}