{"id":7611,"date":"2023-10-03T17:31:47","date_gmt":"2023-10-03T15:31:47","guid":{"rendered":"https:\/\/www.2ungrad.de\/laden\/?post_type=product&#038;p=7611"},"modified":"2026-02-09T11:14:46","modified_gmt":"2026-02-09T09:14:46","slug":"pocket-3","status":"publish","type":"product","link":"https:\/\/www.2ungrad.de\/laden\/produkt\/pocket-3\/","title":{"rendered":"Pocket"},"content":{"rendered":"<p>Kleines T\u00e4schchen f\u00fcr Geld, Kosmetik und Sch\u00e4tze. Beidseitig kaschiertes Altpapier, sehr haltbar, mit Rei\u00dfverschluss. Muster auch auf der Innenseite. Ca. 10 x 7 cm. Aus gebrauchten Original LurchiSalamander \u00ae Heften. Von uns handgefertigt. Einzelst\u00fcck.<\/p>\n","protected":false},"excerpt":{"rendered":"<p>Pocket<\/p>\n","protected":false},"featured_media":7612,"template":"","meta":[],"product_brand":[],"product_cat":[220],"product_tag":[219,217,218],"class_list":{"0":"post-7611","1":"product","2":"type-product","3":"status-publish","4":"has-post-thumbnail","6":"product_cat-pockets","7":"product_tag-geldbeutel","8":"product_tag-lurchi","9":"product_tag-salamander","10":"product_shipping_class-brief","11":"gallery-content-unit","13":"first","14":"instock","15":"sold-individually","16":"taxable","17":"shipping-taxable","18":"purchasable","19":"product-type-simple"},"_links":{"self":[{"href":"https:\/\/www.2ungrad.de\/laden\/wp-json\/wp\/v2\/product\/7611","targetHints":{"allow":["GET"]}}],"collection":[{"href":"https:\/\/www.2ungrad.de\/laden\/wp-json\/wp\/v2\/product"}],"about":[{"href":"https:\/\/www.2ungrad.de\/laden\/wp-json\/wp\/v2\/types\/product"}],"wp:featuredmedia":[{"embeddable":true,"href":"https:\/\/www.2ungrad.de\/laden\/wp-json\/wp\/v2\/media\/7612"}],"wp:attachment":[{"href":"https:\/\/www.2ungrad.de\/laden\/wp-json\/wp\/v2\/media?parent=7611"}],"wp:term":[{"taxonomy":"product_brand","embeddable":true,"href":"https:\/\/www.2ungrad.de\/laden\/wp-json\/wp\/v2\/product_brand?post=7611"},{"taxonomy":"product_cat","embeddable":true,"href":"https:\/\/www.2ungrad.de\/laden\/wp-json\/wp\/v2\/product_cat?post=7611"},{"taxonomy":"product_tag","embeddable":true,"href":"https:\/\/www.2ungrad.de\/laden\/wp-json\/wp\/v2\/product_tag?post=7611"}],"curies":[{"name":"wp","href":"https:\/\/api.w.org\/{rel}","templated":true}]}}