{"id":737,"date":"2016-03-10T01:02:55","date_gmt":"2016-03-09T23:02:55","guid":{"rendered":"http:\/\/www.tassenlampen.de\/block\/?post_type=product&#038;p=737"},"modified":"2025-10-23T00:46:22","modified_gmt":"2025-10-22T22:46:22","slug":"block-fliege","status":"publish","type":"product","link":"https:\/\/www.2ungrad.de\/laden\/produkt\/block-fliege\/","title":{"rendered":"Block Fliege"},"content":{"rendered":"<p>Abrei\u00dfblock mit ca. 100 Bl\u00e4ttern, Format A6. Zum Nachf\u00fcllen unserer <a href=\"https:\/\/www.2ungrad.de\/laden\/produkt-kategorie\/minilog\/\">Mini-Logs<\/a> oder auch einfach so. Kein Recyclingpapier, aber wir arbeiten dran. Mit Fliege oben rechts und unserer Webadresse (2ungrad.de) links unten. Passende L\u00f6cher zur patentreifen Befestigung vorhanden.<\/p>\n","protected":false},"excerpt":{"rendered":"<p>Abrei\u00dfblock mit ca. 100 Bl\u00e4ttern, Format A6. Zum Nachf\u00fcllen unserer Mini-Logs oder auch einfach so. Kein Recyclingpapier, aber wir arbeiten dran. Mit Fliege oben rechts und unserer Webadresse (2ungrad.de) links unten. Passende L\u00f6cher zur patentreifen Befestigung vorhanden.<\/p>\n","protected":false},"featured_media":2781,"template":"","meta":[],"product_brand":[],"product_cat":[90],"product_tag":[181,179,180],"class_list":{"0":"post-737","1":"product","2":"type-product","3":"status-publish","4":"has-post-thumbnail","6":"product_cat-zubehoer","7":"product_tag-block","8":"product_tag-minilog","9":"product_tag-nachfuellen","10":"gallery-content-unit","12":"first","13":"instock","14":"taxable","15":"shipping-taxable","16":"purchasable","17":"product-type-simple"},"_links":{"self":[{"href":"https:\/\/www.2ungrad.de\/laden\/wp-json\/wp\/v2\/product\/737","targetHints":{"allow":["GET"]}}],"collection":[{"href":"https:\/\/www.2ungrad.de\/laden\/wp-json\/wp\/v2\/product"}],"about":[{"href":"https:\/\/www.2ungrad.de\/laden\/wp-json\/wp\/v2\/types\/product"}],"wp:featuredmedia":[{"embeddable":true,"href":"https:\/\/www.2ungrad.de\/laden\/wp-json\/wp\/v2\/media\/2781"}],"wp:attachment":[{"href":"https:\/\/www.2ungrad.de\/laden\/wp-json\/wp\/v2\/media?parent=737"}],"wp:term":[{"taxonomy":"product_brand","embeddable":true,"href":"https:\/\/www.2ungrad.de\/laden\/wp-json\/wp\/v2\/product_brand?post=737"},{"taxonomy":"product_cat","embeddable":true,"href":"https:\/\/www.2ungrad.de\/laden\/wp-json\/wp\/v2\/product_cat?post=737"},{"taxonomy":"product_tag","embeddable":true,"href":"https:\/\/www.2ungrad.de\/laden\/wp-json\/wp\/v2\/product_tag?post=737"}],"curies":[{"name":"wp","href":"https:\/\/api.w.org\/{rel}","templated":true}]}}