{"id":7033,"date":"2023-02-09T09:47:40","date_gmt":"2023-02-09T07:47:40","guid":{"rendered":"https:\/\/www.2ungrad.de\/laden\/?post_type=product&#038;p=7033"},"modified":"2025-07-25T23:39:01","modified_gmt":"2025-07-25T21:39:01","slug":"karre-el-camino-55","status":"publish","type":"product","link":"https:\/\/www.2ungrad.de\/laden\/produkt\/karre-el-camino-55\/","title":{"rendered":"Karre &#8211; El Camino 55"},"content":{"rendered":"<p>Alte Spielzeugautos ber\u00fchmter Marken, mindetens 40 Jahre alt. Teilweise starke Gebrauchsspuren. Bespielt und geliebt. Mit stabilem Metallkettchen. Ein au\u00dfergew\u00f6hnlicher Schmuck f\u00fcr jeden Schl\u00fcsselbund. Einzelst\u00fcck.<\/p>\n<p>El Camino 55 &#8211; &#8211; Majorette &#8211; rot &#8211; Anh\u00e4ngerkupplung.<\/p>\n<p>T\u00dcV abgelaufen!<\/p>\n","protected":false},"excerpt":{"rendered":"<p>Karre<\/p>\n","protected":false},"featured_media":7034,"template":"","meta":[],"product_brand":[],"product_cat":[292],"product_tag":[294,290,291,293,295,139],"class_list":{"0":"post-7033","1":"product","2":"type-product","3":"status-publish","4":"has-post-thumbnail","6":"product_cat-karre","7":"product_tag-auto","8":"product_tag-einzelstueck","9":"product_tag-handmade","10":"product_tag-schluessel","11":"product_tag-spielzeug","12":"product_tag-vintage","13":"product_shipping_class-brief","14":"gallery-content-unit","16":"first","17":"instock","18":"taxable","19":"shipping-taxable","20":"purchasable","21":"product-type-simple"},"_links":{"self":[{"href":"https:\/\/www.2ungrad.de\/laden\/wp-json\/wp\/v2\/product\/7033","targetHints":{"allow":["GET"]}}],"collection":[{"href":"https:\/\/www.2ungrad.de\/laden\/wp-json\/wp\/v2\/product"}],"about":[{"href":"https:\/\/www.2ungrad.de\/laden\/wp-json\/wp\/v2\/types\/product"}],"wp:featuredmedia":[{"embeddable":true,"href":"https:\/\/www.2ungrad.de\/laden\/wp-json\/wp\/v2\/media\/7034"}],"wp:attachment":[{"href":"https:\/\/www.2ungrad.de\/laden\/wp-json\/wp\/v2\/media?parent=7033"}],"wp:term":[{"taxonomy":"product_brand","embeddable":true,"href":"https:\/\/www.2ungrad.de\/laden\/wp-json\/wp\/v2\/product_brand?post=7033"},{"taxonomy":"product_cat","embeddable":true,"href":"https:\/\/www.2ungrad.de\/laden\/wp-json\/wp\/v2\/product_cat?post=7033"},{"taxonomy":"product_tag","embeddable":true,"href":"https:\/\/www.2ungrad.de\/laden\/wp-json\/wp\/v2\/product_tag?post=7033"}],"curies":[{"name":"wp","href":"https:\/\/api.w.org\/{rel}","templated":true}]}}