{"id":6630,"date":"2022-12-18T12:29:24","date_gmt":"2022-12-18T10:29:24","guid":{"rendered":"https:\/\/www.2ungrad.de\/laden\/?post_type=product&#038;p=6630"},"modified":"2025-02-27T21:20:07","modified_gmt":"2025-02-27T19:20:07","slug":"kritzel-19","status":"publish","type":"product","link":"https:\/\/www.2ungrad.de\/laden\/produkt\/kritzel-19\/","title":{"rendered":"Kritzel"},"content":{"rendered":"<p>Notizb\u00fccher aus den alten originalen Kinder- und Jugendb\u00fcchern. Jedes Buch versehen mit einzelnen Originalseiten aus dem jeweiligen Buch und vielen Blankoseiten (ca. 100) f\u00fcr eigene Notizen. Recyclingpapier.<\/p>\n<p>Alte Rechtschreibung und entsprechende Illustrationen.<\/p>\n<p>Sophie Reinheimer: R\u00f6sel kommt zur Schule<\/p>\n","protected":false},"excerpt":{"rendered":"<p>Notizbuch &#8211; Kritzel<\/p>\n","protected":false},"featured_media":6631,"template":"","meta":[],"product_brand":[],"product_cat":[223],"product_tag":[],"class_list":{"0":"post-6630","1":"product","2":"type-product","3":"status-publish","4":"has-post-thumbnail","6":"product_cat-kritzel","7":"gallery-content-unit","9":"first","10":"instock","11":"taxable","12":"shipping-taxable","13":"purchasable","14":"product-type-simple"},"_links":{"self":[{"href":"https:\/\/www.2ungrad.de\/laden\/wp-json\/wp\/v2\/product\/6630","targetHints":{"allow":["GET"]}}],"collection":[{"href":"https:\/\/www.2ungrad.de\/laden\/wp-json\/wp\/v2\/product"}],"about":[{"href":"https:\/\/www.2ungrad.de\/laden\/wp-json\/wp\/v2\/types\/product"}],"wp:featuredmedia":[{"embeddable":true,"href":"https:\/\/www.2ungrad.de\/laden\/wp-json\/wp\/v2\/media\/6631"}],"wp:attachment":[{"href":"https:\/\/www.2ungrad.de\/laden\/wp-json\/wp\/v2\/media?parent=6630"}],"wp:term":[{"taxonomy":"product_brand","embeddable":true,"href":"https:\/\/www.2ungrad.de\/laden\/wp-json\/wp\/v2\/product_brand?post=6630"},{"taxonomy":"product_cat","embeddable":true,"href":"https:\/\/www.2ungrad.de\/laden\/wp-json\/wp\/v2\/product_cat?post=6630"},{"taxonomy":"product_tag","embeddable":true,"href":"https:\/\/www.2ungrad.de\/laden\/wp-json\/wp\/v2\/product_tag?post=6630"}],"curies":[{"name":"wp","href":"https:\/\/api.w.org\/{rel}","templated":true}]}}