{"id":6281,"date":"2022-11-17T00:18:06","date_gmt":"2022-11-16T22:18:06","guid":{"rendered":"https:\/\/www.2ungrad.de\/laden\/?post_type=product&#038;p=6281"},"modified":"2025-10-30T00:07:02","modified_gmt":"2025-10-29T22:07:02","slug":"lottchen-11","status":"publish","type":"product","link":"https:\/\/www.2ungrad.de\/laden\/produkt\/lottchen-11\/","title":{"rendered":"Lottchen"},"content":{"rendered":"<p>Unser Lottchen ist der Blickfang in der K\u00fcche, im Bad und \u00fcberall dort, wo es was zum Aufh\u00e4ngen gibt. Handt\u00fccher, Schl\u00fcssel, Schmuck oder andere Kleinigkeiten. Antike Untertasse mit aufgeschraubtem Doppelhaken. Mit Halterung zum einfachen Aufh\u00e4ngen an der Wand. Alternativ kann das Lottchen aber auch an der Wand festgeschraubt werden. Absolutes Einzelst\u00fcck.<\/p>\n<p>Durchmesser ca. 15 cm.<\/p>\n","protected":false},"excerpt":{"rendered":"<p>Unser Lottchen ist der Blickfang in der K\u00fcche, im Bad und \u00fcberall dort, wo es was zum Aufh\u00e4ngen gibt. Handt\u00fccher, Schl\u00fcssel, Schmuck oder andere Kleinigkeiten. Antike Untertasse mit aufgeschraubtem Doppelhaken. Mit Halterung zum einfachen Aufh\u00e4ngen an der Wand. Alternativ kann das Lottchen aber auch an der Wand festgeschraubt werden. Absolutes Einzelst\u00fcck. Durchmesser ca. 15 cm.<\/p>\n","protected":false},"featured_media":6284,"template":"","meta":[],"product_brand":[],"product_cat":[86],"product_tag":[],"class_list":{"0":"post-6281","1":"product","2":"type-product","3":"status-publish","4":"has-post-thumbnail","6":"product_cat-lottchen","7":"product_shipping_class-hermes-versand-versichert","8":"gallery-content-unit","10":"first","11":"instock","12":"sold-individually","13":"taxable","14":"shipping-taxable","15":"purchasable","16":"product-type-simple"},"_links":{"self":[{"href":"https:\/\/www.2ungrad.de\/laden\/wp-json\/wp\/v2\/product\/6281","targetHints":{"allow":["GET"]}}],"collection":[{"href":"https:\/\/www.2ungrad.de\/laden\/wp-json\/wp\/v2\/product"}],"about":[{"href":"https:\/\/www.2ungrad.de\/laden\/wp-json\/wp\/v2\/types\/product"}],"wp:featuredmedia":[{"embeddable":true,"href":"https:\/\/www.2ungrad.de\/laden\/wp-json\/wp\/v2\/media\/6284"}],"wp:attachment":[{"href":"https:\/\/www.2ungrad.de\/laden\/wp-json\/wp\/v2\/media?parent=6281"}],"wp:term":[{"taxonomy":"product_brand","embeddable":true,"href":"https:\/\/www.2ungrad.de\/laden\/wp-json\/wp\/v2\/product_brand?post=6281"},{"taxonomy":"product_cat","embeddable":true,"href":"https:\/\/www.2ungrad.de\/laden\/wp-json\/wp\/v2\/product_cat?post=6281"},{"taxonomy":"product_tag","embeddable":true,"href":"https:\/\/www.2ungrad.de\/laden\/wp-json\/wp\/v2\/product_tag?post=6281"}],"curies":[{"name":"wp","href":"https:\/\/api.w.org\/{rel}","templated":true}]}}