{"id":5033,"date":"2021-12-09T23:54:16","date_gmt":"2021-12-09T21:54:16","guid":{"rendered":"https:\/\/www.2ungrad.de\/laden\/?post_type=product&#038;p=5033"},"modified":"2025-07-25T23:40:10","modified_gmt":"2025-07-25T21:40:10","slug":"druesome-twosome","status":"publish","type":"product","link":"https:\/\/www.2ungrad.de\/laden\/produkt\/druesome-twosome\/","title":{"rendered":"Druesome Twosome"},"content":{"rendered":"<p>Alte Spielzeugautos ber\u00fchmter Marken, mindetens 40 Jahre alt. Teilweise starke Gebrauchsspuren. Bespielt und geliebt. Mit stabilem Metallkettchen. Ein au\u00dfergew\u00f6hnlicher Schmuck f\u00fcr jeden Schl\u00fcsselbund. Einzelst\u00fcck. Druesome Twosome &#8211; Matchbox\u00ae\u00a0 &#8211; 1971. T\u00dcV abgelaufen.<\/p>\n","protected":false},"excerpt":{"rendered":"<p>Karre<\/p>\n","protected":false},"featured_media":5902,"template":"","meta":[],"product_brand":[],"product_cat":[292],"product_tag":[294,290,291,293,295,139],"class_list":{"0":"post-5033","1":"product","2":"type-product","3":"status-publish","4":"has-post-thumbnail","6":"product_cat-karre","7":"product_tag-auto","8":"product_tag-einzelstueck","9":"product_tag-handmade","10":"product_tag-schluessel","11":"product_tag-spielzeug","12":"product_tag-vintage","13":"product_shipping_class-brief","14":"gallery-content-unit","16":"first","17":"instock","18":"taxable","19":"shipping-taxable","20":"purchasable","21":"product-type-simple"},"_links":{"self":[{"href":"https:\/\/www.2ungrad.de\/laden\/wp-json\/wp\/v2\/product\/5033","targetHints":{"allow":["GET"]}}],"collection":[{"href":"https:\/\/www.2ungrad.de\/laden\/wp-json\/wp\/v2\/product"}],"about":[{"href":"https:\/\/www.2ungrad.de\/laden\/wp-json\/wp\/v2\/types\/product"}],"wp:featuredmedia":[{"embeddable":true,"href":"https:\/\/www.2ungrad.de\/laden\/wp-json\/wp\/v2\/media\/5902"}],"wp:attachment":[{"href":"https:\/\/www.2ungrad.de\/laden\/wp-json\/wp\/v2\/media?parent=5033"}],"wp:term":[{"taxonomy":"product_brand","embeddable":true,"href":"https:\/\/www.2ungrad.de\/laden\/wp-json\/wp\/v2\/product_brand?post=5033"},{"taxonomy":"product_cat","embeddable":true,"href":"https:\/\/www.2ungrad.de\/laden\/wp-json\/wp\/v2\/product_cat?post=5033"},{"taxonomy":"product_tag","embeddable":true,"href":"https:\/\/www.2ungrad.de\/laden\/wp-json\/wp\/v2\/product_tag?post=5033"}],"curies":[{"name":"wp","href":"https:\/\/api.w.org\/{rel}","templated":true}]}}