{"id":4450,"date":"2021-11-25T12:38:49","date_gmt":"2021-11-25T10:38:49","guid":{"rendered":"https:\/\/www.2ungrad.de\/laden\/?post_type=product&#038;p=4450"},"modified":"2022-05-06T23:00:35","modified_gmt":"2022-05-06T21:00:35","slug":"feuertopf-34","status":"publish","type":"product","link":"https:\/\/www.2ungrad.de\/laden\/produkt\/feuertopf-34\/","title":{"rendered":"Feuertopf"},"content":{"rendered":"<p>Einzigartige Outdoor-Topfkerze: Alte Emaille-T\u00f6pfe werden mit Wachs aufgef\u00fcllt und einem lang haltbaren Spezialdocht ausgestattet. Man kann die T\u00f6pfe immer wieder mit altem Wachs &#8222;f\u00fcttern&#8220;, so halten sie extrem lange. Nur im Freien einsetzen. Topf kann hei\u00df werden. Zum L\u00f6schen der Flamme wird der Docht mit fl\u00fcssigem Wachs \u00fcbergossen, bis die Flamme erlischt. Abk\u00fchlen lassen. Zu 99% Recycling-Material. Mit h\u00fcbschem Alt-Photo-Etikett.<\/p>\n<p>Dunkelblauer Emailletopf. Kasserolle mit einem Griff. Durchmesser ca. 13,0 cm, H\u00f6he ca. 6,0 cm, hellrosa Wachs.<\/p>\n","protected":false},"excerpt":{"rendered":"<p>Feuertopf<\/p>\n","protected":false},"featured_media":4452,"template":"","meta":[],"product_brand":[],"product_cat":[144],"product_tag":[],"class_list":{"0":"post-4450","1":"product","2":"type-product","3":"status-publish","4":"has-post-thumbnail","6":"product_cat-unkategorisiert","7":"product_shipping_class-normalversand","8":"gallery-content-unit","10":"first","11":"outofstock","12":"sold-individually","13":"taxable","14":"shipping-taxable","15":"purchasable","16":"product-type-simple"},"_links":{"self":[{"href":"https:\/\/www.2ungrad.de\/laden\/wp-json\/wp\/v2\/product\/4450","targetHints":{"allow":["GET"]}}],"collection":[{"href":"https:\/\/www.2ungrad.de\/laden\/wp-json\/wp\/v2\/product"}],"about":[{"href":"https:\/\/www.2ungrad.de\/laden\/wp-json\/wp\/v2\/types\/product"}],"wp:featuredmedia":[{"embeddable":true,"href":"https:\/\/www.2ungrad.de\/laden\/wp-json\/wp\/v2\/media\/4452"}],"wp:attachment":[{"href":"https:\/\/www.2ungrad.de\/laden\/wp-json\/wp\/v2\/media?parent=4450"}],"wp:term":[{"taxonomy":"product_brand","embeddable":true,"href":"https:\/\/www.2ungrad.de\/laden\/wp-json\/wp\/v2\/product_brand?post=4450"},{"taxonomy":"product_cat","embeddable":true,"href":"https:\/\/www.2ungrad.de\/laden\/wp-json\/wp\/v2\/product_cat?post=4450"},{"taxonomy":"product_tag","embeddable":true,"href":"https:\/\/www.2ungrad.de\/laden\/wp-json\/wp\/v2\/product_tag?post=4450"}],"curies":[{"name":"wp","href":"https:\/\/api.w.org\/{rel}","templated":true}]}}