{"id":4143,"date":"2021-03-29T10:41:28","date_gmt":"2021-03-29T08:41:28","guid":{"rendered":"https:\/\/www.2ungrad.de\/laden\/?post_type=product&#038;p=4143"},"modified":"2025-10-06T08:53:53","modified_gmt":"2025-10-06T06:53:53","slug":"kritzel-43","status":"publish","type":"product","link":"https:\/\/www.2ungrad.de\/laden\/produkt\/kritzel-43\/","title":{"rendered":"Kritzel"},"content":{"rendered":"<p>Notizb\u00fccher aus den alten originalen Kinder- und Jugendb\u00fcchern. Jedes Buch versehen mit einzelnen Originalseiten aus dem jeweiligen Buch und vielen Blankoseiten f\u00fcr eigene Notizen. Recyclingpapier. Sehr alte Rechtschreibung.<\/p>\n<p>&#8222;Sturm auf See&#8220; von Fritz Otto Busch.<\/p>\n","protected":false},"excerpt":{"rendered":"<p>Notizbuch &#8211; Kritzel<\/p>\n","protected":false},"featured_media":4144,"template":"","meta":[],"product_brand":[],"product_cat":[223],"product_tag":[269,242,268,267],"class_list":{"0":"post-4143","1":"product","2":"type-product","3":"status-publish","4":"has-post-thumbnail","6":"product_cat-kritzel","7":"product_tag-fritz-otto-busch","8":"product_tag-schneiderbuch","9":"product_tag-see","10":"product_tag-sturm","11":"gallery-content-unit","13":"first","14":"instock","15":"taxable","16":"shipping-taxable","17":"purchasable","18":"product-type-simple"},"_links":{"self":[{"href":"https:\/\/www.2ungrad.de\/laden\/wp-json\/wp\/v2\/product\/4143","targetHints":{"allow":["GET"]}}],"collection":[{"href":"https:\/\/www.2ungrad.de\/laden\/wp-json\/wp\/v2\/product"}],"about":[{"href":"https:\/\/www.2ungrad.de\/laden\/wp-json\/wp\/v2\/types\/product"}],"wp:featuredmedia":[{"embeddable":true,"href":"https:\/\/www.2ungrad.de\/laden\/wp-json\/wp\/v2\/media\/4144"}],"wp:attachment":[{"href":"https:\/\/www.2ungrad.de\/laden\/wp-json\/wp\/v2\/media?parent=4143"}],"wp:term":[{"taxonomy":"product_brand","embeddable":true,"href":"https:\/\/www.2ungrad.de\/laden\/wp-json\/wp\/v2\/product_brand?post=4143"},{"taxonomy":"product_cat","embeddable":true,"href":"https:\/\/www.2ungrad.de\/laden\/wp-json\/wp\/v2\/product_cat?post=4143"},{"taxonomy":"product_tag","embeddable":true,"href":"https:\/\/www.2ungrad.de\/laden\/wp-json\/wp\/v2\/product_tag?post=4143"}],"curies":[{"name":"wp","href":"https:\/\/api.w.org\/{rel}","templated":true}]}}