{"id":3309,"date":"2020-10-02T22:54:35","date_gmt":"2020-10-02T20:54:35","guid":{"rendered":"https:\/\/www.2ungrad.de\/laden\/?post_type=product&#038;p=3309"},"modified":"2026-02-11T14:19:06","modified_gmt":"2026-02-11T12:19:06","slug":"liese-kopie","status":"publish","type":"product","link":"https:\/\/www.2ungrad.de\/laden\/produkt\/liese-kopie\/","title":{"rendered":"Liese"},"content":{"rendered":"<p>Untersetzer aus S\u00fc\u00dfwasser-Kalkstein. Hitze- und wasserbest\u00e4ndig. Mit alten Vorsatz- und Geschenkpapieren in wechselnden Kombinationen. Einzelst\u00fcck. Auch als Wandschmuck wundersch\u00f6n. 10 x 10 cm.<\/p>\n","protected":false},"excerpt":{"rendered":"<p>Liese<\/p>\n","protected":false},"featured_media":7140,"template":"","meta":[],"product_brand":[],"product_cat":[207],"product_tag":[209,208,210],"class_list":{"0":"post-3309","1":"product","2":"type-product","3":"status-publish","4":"has-post-thumbnail","6":"product_cat-liesen","7":"product_tag-fliesen","8":"product_tag-liesen","9":"product_tag-untersetzer","10":"product_shipping_class-hermes-versand-versichert","11":"gallery-content-unit","13":"first","14":"outofstock","15":"sold-individually","16":"taxable","17":"shipping-taxable","18":"purchasable","19":"product-type-simple"},"_links":{"self":[{"href":"https:\/\/www.2ungrad.de\/laden\/wp-json\/wp\/v2\/product\/3309","targetHints":{"allow":["GET"]}}],"collection":[{"href":"https:\/\/www.2ungrad.de\/laden\/wp-json\/wp\/v2\/product"}],"about":[{"href":"https:\/\/www.2ungrad.de\/laden\/wp-json\/wp\/v2\/types\/product"}],"wp:featuredmedia":[{"embeddable":true,"href":"https:\/\/www.2ungrad.de\/laden\/wp-json\/wp\/v2\/media\/7140"}],"wp:attachment":[{"href":"https:\/\/www.2ungrad.de\/laden\/wp-json\/wp\/v2\/media?parent=3309"}],"wp:term":[{"taxonomy":"product_brand","embeddable":true,"href":"https:\/\/www.2ungrad.de\/laden\/wp-json\/wp\/v2\/product_brand?post=3309"},{"taxonomy":"product_cat","embeddable":true,"href":"https:\/\/www.2ungrad.de\/laden\/wp-json\/wp\/v2\/product_cat?post=3309"},{"taxonomy":"product_tag","embeddable":true,"href":"https:\/\/www.2ungrad.de\/laden\/wp-json\/wp\/v2\/product_tag?post=3309"}],"curies":[{"name":"wp","href":"https:\/\/api.w.org\/{rel}","templated":true}]}}