{"id":11854,"date":"2026-02-22T18:06:56","date_gmt":"2026-02-22T16:06:56","guid":{"rendered":"https:\/\/www.2ungrad.de\/laden\/?post_type=product&#038;p=11854"},"modified":"2026-02-22T18:09:42","modified_gmt":"2026-02-22T16:09:42","slug":"schroeder-14","status":"publish","type":"product","link":"https:\/\/www.2ungrad.de\/laden\/produkt\/schroeder-14\/","title":{"rendered":"Schr\u00f6der"},"content":{"rendered":"<p>Die einzigartige Mischung aus hartem B\u00fcroalltag und romantischem Kaffeetrinken. Die perfekte L\u00f6sung f\u00fcr die Aufbewahrung von Schl\u00fcsseln, Handt\u00fcchern oder Schmuck. Gebrauchte Schnapper werden auf edle Porzellanteller montiert. Zwei L\u00f6cher im Teller und Metall dienen der Wandmontage.<\/p>\n<p>Durchmesser ca. 20 cm, Tiefe des Schnappers ca. 7 cm<\/p>\n<p>Schraubenset inklusive.<\/p>\n","protected":false},"excerpt":{"rendered":"<p>Die einzigartige Mischung aus hartem B\u00fcroalltag und romantischem Kaffeetrinken. Die perfekte L\u00f6sung f\u00fcr die Aufbewahrung von Schl\u00fcsseln, Handt\u00fcchern oder Schmuck. Gebrauchte Schnapper werden auf edle Porzellanteller montiert. Zwei L\u00f6cher im Teller und Metall dienen der Wandmontage. Durchmesser ca. 20 cm, Tiefe des Schnappers ca. 7 cm Schraubenset inklusive.<\/p>\n","protected":false},"featured_media":11855,"template":"","meta":[],"product_brand":[],"product_cat":[85],"product_tag":[],"class_list":{"0":"post-11854","1":"product","2":"type-product","3":"status-publish","4":"has-post-thumbnail","6":"product_cat-schroeder","7":"product_shipping_class-hermes-versand-versichert","8":"gallery-content-unit","10":"first","11":"instock","12":"taxable","13":"shipping-taxable","14":"purchasable","15":"product-type-simple"},"_links":{"self":[{"href":"https:\/\/www.2ungrad.de\/laden\/wp-json\/wp\/v2\/product\/11854","targetHints":{"allow":["GET"]}}],"collection":[{"href":"https:\/\/www.2ungrad.de\/laden\/wp-json\/wp\/v2\/product"}],"about":[{"href":"https:\/\/www.2ungrad.de\/laden\/wp-json\/wp\/v2\/types\/product"}],"wp:featuredmedia":[{"embeddable":true,"href":"https:\/\/www.2ungrad.de\/laden\/wp-json\/wp\/v2\/media\/11855"}],"wp:attachment":[{"href":"https:\/\/www.2ungrad.de\/laden\/wp-json\/wp\/v2\/media?parent=11854"}],"wp:term":[{"taxonomy":"product_brand","embeddable":true,"href":"https:\/\/www.2ungrad.de\/laden\/wp-json\/wp\/v2\/product_brand?post=11854"},{"taxonomy":"product_cat","embeddable":true,"href":"https:\/\/www.2ungrad.de\/laden\/wp-json\/wp\/v2\/product_cat?post=11854"},{"taxonomy":"product_tag","embeddable":true,"href":"https:\/\/www.2ungrad.de\/laden\/wp-json\/wp\/v2\/product_tag?post=11854"}],"curies":[{"name":"wp","href":"https:\/\/api.w.org\/{rel}","templated":true}]}}