{"id":11158,"date":"2025-10-15T09:04:06","date_gmt":"2025-10-15T07:04:06","guid":{"rendered":"https:\/\/www.2ungrad.de\/laden\/?post_type=product&#038;p=11158"},"modified":"2025-10-30T00:42:33","modified_gmt":"2025-10-29T22:42:33","slug":"liese-12","status":"publish","type":"product","link":"https:\/\/www.2ungrad.de\/laden\/produkt\/liese-12\/","title":{"rendered":"Liese"},"content":{"rendered":"<p>Tolle Untersetzer aus Naturstein im Retro-Look. Feuchtigkeits- und hitzestabil. Motive sowohl alter Vorsatz- und Geschenkpapiere als auch Illustrationen alter B\u00fccher, in verschiedenen Kombinationen. Jedes ein unverwechselbares Einzelst\u00fcck und absoluter Hingucker. Handmade in Karlsruhe. Auch als Wandschmuck wundersch\u00f6n. 10 x 10 cm, ca. 250g. Mit vier Noppen auf der Unterseite zum sicheren rutschfesten Stand.<\/p>\n","protected":false},"excerpt":{"rendered":"<p>Liese &#8211; Untersetzer<\/p>\n","protected":false},"featured_media":11159,"template":"","meta":[],"product_brand":[],"product_cat":[207],"product_tag":[209,208,102,210],"class_list":{"0":"post-11158","1":"product","2":"type-product","3":"status-publish","4":"has-post-thumbnail","6":"product_cat-liesen","7":"product_tag-fliesen","8":"product_tag-liesen","9":"product_tag-retro","10":"product_tag-untersetzer","11":"product_shipping_class-hermes-versand-versichert","12":"gallery-content-unit","14":"first","15":"instock","16":"sold-individually","17":"taxable","18":"shipping-taxable","19":"purchasable","20":"product-type-simple"},"_links":{"self":[{"href":"https:\/\/www.2ungrad.de\/laden\/wp-json\/wp\/v2\/product\/11158","targetHints":{"allow":["GET"]}}],"collection":[{"href":"https:\/\/www.2ungrad.de\/laden\/wp-json\/wp\/v2\/product"}],"about":[{"href":"https:\/\/www.2ungrad.de\/laden\/wp-json\/wp\/v2\/types\/product"}],"wp:featuredmedia":[{"embeddable":true,"href":"https:\/\/www.2ungrad.de\/laden\/wp-json\/wp\/v2\/media\/11159"}],"wp:attachment":[{"href":"https:\/\/www.2ungrad.de\/laden\/wp-json\/wp\/v2\/media?parent=11158"}],"wp:term":[{"taxonomy":"product_brand","embeddable":true,"href":"https:\/\/www.2ungrad.de\/laden\/wp-json\/wp\/v2\/product_brand?post=11158"},{"taxonomy":"product_cat","embeddable":true,"href":"https:\/\/www.2ungrad.de\/laden\/wp-json\/wp\/v2\/product_cat?post=11158"},{"taxonomy":"product_tag","embeddable":true,"href":"https:\/\/www.2ungrad.de\/laden\/wp-json\/wp\/v2\/product_tag?post=11158"}],"curies":[{"name":"wp","href":"https:\/\/api.w.org\/{rel}","templated":true}]}}