{"id":10534,"date":"2025-01-07T12:02:48","date_gmt":"2025-01-07T10:02:48","guid":{"rendered":"https:\/\/www.2ungrad.de\/laden\/?post_type=product&#038;p=10534"},"modified":"2026-02-09T11:06:02","modified_gmt":"2026-02-09T09:06:02","slug":"tassenlampe-10","status":"publish","type":"product","link":"https:\/\/www.2ungrad.de\/laden\/produkt\/tassenlampe-10\/","title":{"rendered":"Tassenlampe"},"content":{"rendered":"<p>Sch\u00f6n geformte Tasse mit pastellefarbigen Blumenmustern. Senkrecht geriffelt. Goldr\u00e4nder. Elfenbeinfarbenes Porzellan. Gut durchscheinend.<\/p>\n<p>Durchmesser ca. 9 cm, H\u00f6he: ca. 7 cm, Transparenz: 5 (Skala von 0 bis 6), Material: Porzellan, Fassung E14.<\/p>\n<p>Hinweis: Die Farbwiedergabe auf den Bildern kann in Nuancen vom Original abweichen und h\u00e4ngt immer auch vom Ausgabeger\u00e4t ab<\/p>\n<p>Energieeffizienz A++ bis E (je nach verwendetem Leuchtmittel), Schutzklasse I (mit Schutzleiter). Standardm\u00e4\u00dfig wird diese Leuchte mit einer LED-Birne (Energieeffizienz A++), matt ausgeliefert. Die Kabelfarbe ist frei w\u00e4hlbar \u00fcber das Dropdown-Men\u00fc oder eine Bemerkung zu eurer Bestellung. Es gibt diese Lampe als Steckerlampe mit Stecker, Schalter und Klammer oder als Deckenpendelleuchte, die mit einer L\u00fcsterklemme ausgestattet direkt ans Stromnetz angeschlossen und\u00a0 dann z.B. \u00fcber einen Wandschalter an- und ausgeschaltet wird.<\/p>\n<p><img loading=\"lazy\" decoding=\"async\" class=\"alignnone size-medium wp-image-651\" src=\"http:\/\/www.2ungrad.de\/laden\/wp-content\/uploads\/2016\/02\/energielabel_shop_1-300x145.jpg\" alt=\"energielabel_shop_1\" width=\"300\" height=\"145\" srcset=\"https:\/\/www.2ungrad.de\/laden\/wp-content\/uploads\/2016\/02\/energielabel_shop_1-300x145.jpg 300w, https:\/\/www.2ungrad.de\/laden\/wp-content\/uploads\/2016\/02\/energielabel_shop_1.jpg 371w\" sizes=\"auto, (max-width: 300px) 100vw, 300px\" \/><\/p>\n","protected":false},"excerpt":{"rendered":"<p>Tassenlampe<\/p>\n","protected":false},"featured_media":10537,"template":"","meta":[],"product_brand":[],"product_cat":[84],"product_tag":[334,96,335,110,336],"class_list":{"0":"post-10534","1":"product","2":"type-product","3":"status-publish","4":"has-post-thumbnail","6":"product_cat-tassenlampen","7":"product_tag-floral","8":"product_tag-gold","9":"product_tag-porzellan","10":"product_tag-romantisch","11":"product_tag-verspielt","12":"product_shipping_class-lampen","13":"gallery-content-unit","15":"first","16":"instock","17":"sold-individually","18":"taxable","19":"shipping-taxable","20":"purchasable","21":"product-type-variable","22":"has-default-attributes"},"_links":{"self":[{"href":"https:\/\/www.2ungrad.de\/laden\/wp-json\/wp\/v2\/product\/10534","targetHints":{"allow":["GET"]}}],"collection":[{"href":"https:\/\/www.2ungrad.de\/laden\/wp-json\/wp\/v2\/product"}],"about":[{"href":"https:\/\/www.2ungrad.de\/laden\/wp-json\/wp\/v2\/types\/product"}],"wp:featuredmedia":[{"embeddable":true,"href":"https:\/\/www.2ungrad.de\/laden\/wp-json\/wp\/v2\/media\/10537"}],"wp:attachment":[{"href":"https:\/\/www.2ungrad.de\/laden\/wp-json\/wp\/v2\/media?parent=10534"}],"wp:term":[{"taxonomy":"product_brand","embeddable":true,"href":"https:\/\/www.2ungrad.de\/laden\/wp-json\/wp\/v2\/product_brand?post=10534"},{"taxonomy":"product_cat","embeddable":true,"href":"https:\/\/www.2ungrad.de\/laden\/wp-json\/wp\/v2\/product_cat?post=10534"},{"taxonomy":"product_tag","embeddable":true,"href":"https:\/\/www.2ungrad.de\/laden\/wp-json\/wp\/v2\/product_tag?post=10534"}],"curies":[{"name":"wp","href":"https:\/\/api.w.org\/{rel}","templated":true}]}}