{"id":10479,"date":"2025-01-03T00:41:34","date_gmt":"2025-01-02T22:41:34","guid":{"rendered":"https:\/\/www.2ungrad.de\/laden\/?post_type=product&#038;p=10479"},"modified":"2025-04-11T23:09:14","modified_gmt":"2025-04-11T21:09:14","slug":"mini-log-8","status":"publish","type":"product","link":"https:\/\/www.2ungrad.de\/laden\/produkt\/mini-log-8\/","title":{"rendered":"Mini-Log"},"content":{"rendered":"<p>Unsere kleinen Notizkladden f\u00fcr A6-Inhalte. Au\u00dfen extrem haltbare Presspappe aus alten, gebrauchten Aktenordnern. Zusammengehalten von einem stabilen Gummizug.<\/p>\n<p>Innen ist unser Mini-Log mit einem Abrei\u00dfblock (und Fliege) versehen. Der Block im A6 Format l\u00e4sst sich ganz einfach herausnehmen und durch etwas Neues ersetzen.<\/p>\n<p>Sehr langlebiges Material. Stifthalter aus altem Hosentr\u00e4germaterial. Au\u00dfenma\u00dfe ca. 170 x 120 mm. H\u00f6he ca. 20 mm.<\/p>\n","protected":false},"excerpt":{"rendered":"<p>Minilog &#8211; Notizbuch aus alten Aktenordnern (A6)<\/p>\n","protected":false},"featured_media":10480,"template":"","meta":[],"product_brand":[],"product_cat":[297],"product_tag":[183,181,298,299,182],"class_list":{"0":"post-10479","1":"product","2":"type-product","3":"status-publish","4":"has-post-thumbnail","6":"product_cat-minilog","7":"product_tag-aktenordner","8":"product_tag-block","9":"product_tag-fliege","10":"product_tag-hosentraeger","11":"product_tag-notizbuch","12":"gallery-content-unit","14":"first","15":"outofstock","16":"sold-individually","17":"taxable","18":"shipping-taxable","19":"purchasable","20":"product-type-simple"},"_links":{"self":[{"href":"https:\/\/www.2ungrad.de\/laden\/wp-json\/wp\/v2\/product\/10479","targetHints":{"allow":["GET"]}}],"collection":[{"href":"https:\/\/www.2ungrad.de\/laden\/wp-json\/wp\/v2\/product"}],"about":[{"href":"https:\/\/www.2ungrad.de\/laden\/wp-json\/wp\/v2\/types\/product"}],"wp:featuredmedia":[{"embeddable":true,"href":"https:\/\/www.2ungrad.de\/laden\/wp-json\/wp\/v2\/media\/10480"}],"wp:attachment":[{"href":"https:\/\/www.2ungrad.de\/laden\/wp-json\/wp\/v2\/media?parent=10479"}],"wp:term":[{"taxonomy":"product_brand","embeddable":true,"href":"https:\/\/www.2ungrad.de\/laden\/wp-json\/wp\/v2\/product_brand?post=10479"},{"taxonomy":"product_cat","embeddable":true,"href":"https:\/\/www.2ungrad.de\/laden\/wp-json\/wp\/v2\/product_cat?post=10479"},{"taxonomy":"product_tag","embeddable":true,"href":"https:\/\/www.2ungrad.de\/laden\/wp-json\/wp\/v2\/product_tag?post=10479"}],"curies":[{"name":"wp","href":"https:\/\/api.w.org\/{rel}","templated":true}]}}