{"id":10405,"date":"2024-12-11T23:19:07","date_gmt":"2024-12-11T21:19:07","guid":{"rendered":"https:\/\/www.2ungrad.de\/laden\/?post_type=product&#038;p=10405"},"modified":"2025-10-30T00:07:00","modified_gmt":"2025-10-29T22:07:00","slug":"lottchen-9","status":"publish","type":"product","link":"https:\/\/www.2ungrad.de\/laden\/produkt\/lottchen-9\/","title":{"rendered":"Lottchen"},"content":{"rendered":"<p>Unser Lottchen ist der Blickfang in der K\u00fcche, im Bad und \u00fcberall dort, wo es was zum Aufh\u00e4ngen gibt. Handt\u00fccher, Schl\u00fcssel, Schmuck oder andere Kleinigkeiten. Antiker Unterteller mit aufgeschraubtem Doppelhaken und Halterung zum einfachen Aufh\u00e4ngen an der Wand. Alternativ kann das Lottchen aber auch an der Wand festgeschraubt werden. Einzelst\u00fcck. Handmade in Karlsruhe.<\/p>\n<p>Durchmesser ca. 15 cm. Chromfarbener Doppelhaken, verschraubt.<\/p>\n","protected":false},"excerpt":{"rendered":"<p>Unser Lottchen ist der Blickfang in der K\u00fcche, im Bad und \u00fcberall dort, wo es was zum Aufh\u00e4ngen gibt. Handt\u00fccher, Schl\u00fcssel, Schmuck oder andere Kleinigkeiten. Antiker Unterteller mit aufgeschraubtem Doppelhaken und Halterung zum einfachen Aufh\u00e4ngen an der Wand. Alternativ kann das Lottchen aber auch an der Wand festgeschraubt werden. Einzelst\u00fcck. Handmade in Karlsruhe. Durchmesser ca. [&hellip;]<\/p>\n","protected":false},"featured_media":10406,"template":"","meta":[],"product_brand":[],"product_cat":[86],"product_tag":[],"class_list":{"0":"post-10405","1":"product","2":"type-product","3":"status-publish","4":"has-post-thumbnail","6":"product_cat-lottchen","7":"product_shipping_class-hermes-versand-versichert","8":"gallery-content-unit","10":"first","11":"instock","12":"sold-individually","13":"taxable","14":"shipping-taxable","15":"purchasable","16":"product-type-simple"},"_links":{"self":[{"href":"https:\/\/www.2ungrad.de\/laden\/wp-json\/wp\/v2\/product\/10405","targetHints":{"allow":["GET"]}}],"collection":[{"href":"https:\/\/www.2ungrad.de\/laden\/wp-json\/wp\/v2\/product"}],"about":[{"href":"https:\/\/www.2ungrad.de\/laden\/wp-json\/wp\/v2\/types\/product"}],"wp:featuredmedia":[{"embeddable":true,"href":"https:\/\/www.2ungrad.de\/laden\/wp-json\/wp\/v2\/media\/10406"}],"wp:attachment":[{"href":"https:\/\/www.2ungrad.de\/laden\/wp-json\/wp\/v2\/media?parent=10405"}],"wp:term":[{"taxonomy":"product_brand","embeddable":true,"href":"https:\/\/www.2ungrad.de\/laden\/wp-json\/wp\/v2\/product_brand?post=10405"},{"taxonomy":"product_cat","embeddable":true,"href":"https:\/\/www.2ungrad.de\/laden\/wp-json\/wp\/v2\/product_cat?post=10405"},{"taxonomy":"product_tag","embeddable":true,"href":"https:\/\/www.2ungrad.de\/laden\/wp-json\/wp\/v2\/product_tag?post=10405"}],"curies":[{"name":"wp","href":"https:\/\/api.w.org\/{rel}","templated":true}]}}