{"id":327,"date":"2015-09-26T14:07:56","date_gmt":"2015-09-26T12:07:56","guid":{"rendered":"http:\/\/www.tassenlampen.de\/block\/?page_id=327"},"modified":"2026-03-02T11:23:23","modified_gmt":"2026-03-02T09:23:23","slug":"versandarten","status":"publish","type":"page","link":"https:\/\/www.2ungrad.de\/laden\/versandarten\/","title":{"rendered":"Versand &#038; Lieferung"},"content":{"rendered":"\n<h2 class=\"wp-block-heading\"><span style=\"font-family: colabreg;\">Versand<\/span><\/h2>\n\n\n\n<p>Innerhalb Deutschlands gilt wahlweise eine Versandkostenbeteiligung von 3,50 \u20ac (nicht versicherte Lieferung per DHL bzw. Post), von 5,50 \u20ac (versicherte Lieferung als Paket per Hermes mit Sendungsverfolgung) oder von 6,50 \u20ac (versicherte Lieferung als Paket per DHL mit Sendungsverfolgung). Unsere Tassenlampen versenden wir nur versichert und im ausreichend gro\u00dfen Paket f\u00fcr eine Pauschale von 8,50 \u20ac, andere zerbrechliche Produkte nur im Paket f\u00fcr 5,50 \u20ac mit Hermes bzw. 6,50 \u20ac mit DHL. Ab 150 \u20ac Warenwert zahlt ihr keine Versandkosten.<\/p>\n\n\n\n<p>Innerhalb der EU gilt eine Versandkostenbeteiligung von 11,00 \u20ac (unversicherter Versand) bzw. 18,00 \u20ac (versicherter Versand mit Sendungsverfolgung). Zerbrechliche Waren kosten 15,00 \u20ac, unsere Lampen 18,00 \u20ac Versand (jeweils versichert und mit Sendungsverfolgung). Bei Angabe einer g\u00fcltigen USt.-ID-Nummer k\u00f6nnen wir Eink\u00e4ufe zu gewerblichen Zwecken steuerfrei liefern, Kunden erhalten eine gesonderte Rechnung. Ein Versand nach \u00d6sterreich ist auf Grund der Verpackungsordnung zur Zeit leider nicht m\u00f6glich.<\/p>\n\n\n\n<p>Wir versenden auch in die Schweiz, Liechtenstein und ins Vereinigte K\u00f6nigreich, die Versandkostenpauschale liegt hier bei 30,00 \u20ac. Kunden mit einer Schweizer bzw. britischen Lieferadresse bekommen die Rechnung ohne Mehrwertsteuer.<\/p>\n\n\n\n<p>Bei Lieferungen in weitere L\u00e4nder au\u00dferhalb der EU bitten wir im Vorfeld Kontakt mit uns aufzunehmen.<\/p>\n\n\n\n<h2 class=\"wp-block-heading\"><span style=\"font-family: colabreg;\">Lieferung<\/span><\/h2>\n\n\n\n<p>Wir liefern normalerweise mit DHL bzw. Deutscher Post aus, da wir damit die besten Erfahrungen gemacht haben. Da die Preise hier weiter steigen, bieten wir auch den Versand per Hermes an, der ein wenig g\u00fcnstiger ist. Auf Wunsch versenden wir aber auch mit anderen Anbietern, eventuell k\u00f6nnen die Preise f\u00fcr den Versand dann von den \u00fcblichen abweichen. Wir versenden in der Regel innerhalb von zwei bis drei Werktagen, die Postlaufzeit betr\u00e4gt bei DHL \u00fcblicherweise weitere ein bis zwei Werktage. Lieferzeitangaben sind allerdings immer ohne Gew\u00e4hr.<\/p>\n\n\n\n<h2 class=\"wp-block-heading\"><span style=\"font-family: colabreg;\">Selbstabholung<\/span><\/h2>\n\n\n\n<p>Ihr k\u00f6nnt eure Bestellungen auch gerne bei uns zu Hause im Falkenweg in Karlsruhe-Dammerstock abholen. Bitte vereinbart dazu per eMail oder Telefon einen Termin. Bei Selbstabholung k\u00f6nnt ihr nat\u00fcrlich gerne auch einen Blick auf unsere weitere Produktpalette werfen. Bezahlung ist bei Selbstabholung selbstverst\u00e4ndlich sowohl bar als auch mit Karte m\u00f6glich.<\/p>\n","protected":false},"excerpt":{"rendered":"<p>Versand Innerhalb Deutschlands gilt wahlweise eine Versandkostenbeteiligung von 3,50 \u20ac (nicht versicherte Lieferung per DHL bzw. Post), von 5,50 \u20ac (versicherte Lieferung als Paket per Hermes mit Sendungsverfolgung) oder von 6,50 \u20ac (versicherte Lieferung als Paket per DHL mit Sendungsverfolgung). Unsere Tassenlampen versenden wir nur versichert und im ausreichend gro\u00dfen Paket f\u00fcr eine Pauschale von [&hellip;]<\/p>\n","protected":false},"author":3,"featured_media":0,"parent":0,"menu_order":0,"comment_status":"closed","ping_status":"closed","template":"template-fullwidth.php","meta":{"footnotes":""},"class_list":["post-327","page","type-page","status-publish","hentry","gallery-content-unit"],"_links":{"self":[{"href":"https:\/\/www.2ungrad.de\/laden\/wp-json\/wp\/v2\/pages\/327","targetHints":{"allow":["GET"]}}],"collection":[{"href":"https:\/\/www.2ungrad.de\/laden\/wp-json\/wp\/v2\/pages"}],"about":[{"href":"https:\/\/www.2ungrad.de\/laden\/wp-json\/wp\/v2\/types\/page"}],"author":[{"embeddable":true,"href":"https:\/\/www.2ungrad.de\/laden\/wp-json\/wp\/v2\/users\/3"}],"replies":[{"embeddable":true,"href":"https:\/\/www.2ungrad.de\/laden\/wp-json\/wp\/v2\/comments?post=327"}],"version-history":[{"count":9,"href":"https:\/\/www.2ungrad.de\/laden\/wp-json\/wp\/v2\/pages\/327\/revisions"}],"predecessor-version":[{"id":11898,"href":"https:\/\/www.2ungrad.de\/laden\/wp-json\/wp\/v2\/pages\/327\/revisions\/11898"}],"wp:attachment":[{"href":"https:\/\/www.2ungrad.de\/laden\/wp-json\/wp\/v2\/media?parent=327"}],"curies":[{"name":"wp","href":"https:\/\/api.w.org\/{rel}","templated":true}]}}