{"id":325,"date":"2015-09-26T14:07:56","date_gmt":"2015-09-26T12:07:56","guid":{"rendered":"http:\/\/www.tassenlampen.de\/block\/?page_id=325"},"modified":"2024-04-26T23:49:36","modified_gmt":"2024-04-26T21:49:36","slug":"agb","status":"publish","type":"page","link":"https:\/\/www.2ungrad.de\/laden\/agb\/","title":{"rendered":"AGB"},"content":{"rendered":"\n<h2 class=\"wp-block-heading\"><span style=\"font-family: colabreg;\">Allgemeine Gesch\u00e4ftsbedingungen&nbsp;<\/span><\/h2>\n\n\n\n<ul class=\"wp-block-list\">\n<li><span style=\"font-family: colabreg;\">1. Geltungsbereich<\/span><\/li>\n\n\n\n<li><span style=\"font-family: colabreg;\">2. Vertragsschluss<\/span><\/li>\n\n\n\n<li><span style=\"font-family: colabreg;\">3. Widerrufsrecht<\/span><\/li>\n\n\n\n<li><span style=\"font-family: colabreg;\">4. Preise und Zahlungsbedingungen<\/span><\/li>\n\n\n\n<li><span style=\"font-family: colabreg;\">5. Liefer- und Versandbedingungen<\/span><\/li>\n\n\n\n<li><span style=\"font-family: colabreg;\">6. Eigentumsvorbehalt<\/span><\/li>\n\n\n\n<li><span style=\"font-family: colabreg;\">7. M\u00e4ngelhaftung (Gew\u00e4hrleistung)<\/span><\/li>\n\n\n\n<li><span style=\"font-family: colabreg;\">8. Anwendbares Recht<\/span><\/li>\n\n\n\n<li><span style=\"font-family: colabreg;\">9. Gerichtsstand<\/span><\/li>\n\n\n\n<li><span style=\"font-family: colabreg;\">10. Informationen zur Online-Streitbeilegung<\/span><\/li>\n<\/ul>\n\n\n\n<h2 class=\"wp-block-heading\"><span style=\"font-family: colabreg;\">1. Geltungsbereich<\/span><\/h2>\n\n\n\n<p><span style=\"font-family: colabreg;\"><strong>1.1<\/strong> Diese Allgemeinen Gesch\u00e4ftsbedingungen (nachfolgend &#8222;AGB&#8220;) von 2un\u00b0 (nachfolgend &#8222;Verk\u00e4ufer&#8220;), gelten f\u00fcr alle Vertr\u00e4ge, die ein Verbraucher oder Unternehmer (nachfolgend &#8222;Kunde&#8220;) mit dem Verk\u00e4ufer hinsichtlich der vom Verk\u00e4ufer in seinem Online-Shop dargestellten Waren und\/oder Leistungen abschlie\u00dft. Hiermit wird der Einbeziehung von eigenen Bedingungen des Kunden widersprochen, es sei denn, es ist etwas anderes vereinbart.<\/span><\/p>\n\n\n\n<p><span style=\"font-family: colabreg;\"><strong>1.2<\/strong> F\u00fcr Vertr\u00e4ge \u00fcber die Lieferung von Gutscheinen gelten diese AGB entsprechend, sofern insoweit nicht ausdr\u00fccklich etwas Abweichendes geregelt ist.<\/span><\/p>\n\n\n\n<p><span style=\"font-family: colabreg;\"><strong>1.3<\/strong> Verbraucher im Sinne dieser AGB ist jede nat\u00fcrliche Person, die ein Rechtsgesch\u00e4ft zu Zwecken abschlie\u00dft, die \u00fcberwiegend weder ihrer gewerblichen noch ihrer selbst\u00e4ndigen beruflichen T\u00e4tigkeit zugerechnet werden k\u00f6nnen. Unternehmer im Sinne dieser AGB ist eine nat\u00fcrliche oder juristische Person oder eine rechtsf\u00e4hige Personengesellschaft, die bei Abschluss eines Rechtsgesch\u00e4fts in Aus\u00fcbung ihrer gewerblichen oder selbst\u00e4ndigen beruflichen T\u00e4tigkeit handelt.<\/span><\/p>\n\n\n\n<h2 class=\"wp-block-heading\"><span style=\"font-family: colabreg;\">2. Vertragsschluss<\/span><\/h2>\n\n\n\n<p><span style=\"font-family: colabreg;\"><strong>2.1<\/strong> Die im Online-Shop des Verk\u00e4ufers enthaltenen Produktbeschreibungen stellen keine verbindlichen Angebote seitens des Verk\u00e4ufers dar, sondern dienen zur Abgabe eines verbindlichen Angebots durch den Kunden.<\/span><\/p>\n\n\n\n<p><span style=\"font-family: colabreg;\"><strong>2.2<\/strong> Der Kunde kann das Angebot \u00fcber das in den Online-Shop des Verk\u00e4ufers integrierte Online-Bestellformular abgeben. Dabei gibt der Kunde, nachdem er die ausgew\u00e4hlten Waren und\/oder Leistungen in den virtuellen Warenkorb gelegt und den elektronischen Bestellprozess durchlaufen hat, durch Klicken des den Bestellvorgang abschlie\u00dfenden Buttons ein rechtlich verbindliches Vertragsangebot in Bezug auf die im Warenkorb enthaltenen Waren und\/oder Leistungen ab. Ferner kann der Kunde das Angebot auch per E-Mail gegen\u00fcber dem Verk\u00e4ufer abgeben.<\/span><\/p>\n\n\n\n<p><span style=\"font-family: colabreg;\"><strong>2.3<\/strong> Der Verk\u00e4ufer kann das Angebot des Kunden innerhalb von f\u00fcnf Tagen annehmen,<\/span><\/p>\n\n\n\n<ul class=\"wp-block-list\">\n<li><span style=\"font-family: colabreg;\">indem er dem Kunden eine schriftliche Auftragsbest\u00e4tigung oder eine Auftragsbest\u00e4tigung in Textform (Fax oder E-Mail) \u00fcbermittelt, wobei insoweit der Zugang der Auftragsbest\u00e4tigung beim Kunden ma\u00dfgeblich ist, oder<\/span><\/li>\n\n\n\n<li><span style=\"font-family: colabreg;\">indem er dem Kunden die bestellte Ware liefert, wobei insoweit der Zugang der Ware beim Kunden ma\u00dfgeblich ist, oder<\/span><\/li>\n\n\n\n<li><span style=\"font-family: colabreg;\">indem er den Kunden nach Abgabe von dessen Bestellung zur Zahlung auffordert.<\/span><\/li>\n<\/ul>\n\n\n\n<p><span style=\"font-family: colabreg;\">Liegen mehrere der vorgenannten Alternativen vor, kommt der Vertrag in dem Zeitpunkt zustande, in dem eine der vorgenannten Alternativen zuerst eintritt. Nimmt der Verk\u00e4ufer das Angebot des Kunden innerhalb vorgenannter Frist nicht an, so gilt dies als Ablehnung des Angebots mit der Folge, dass der Kunde nicht mehr an seine Willenserkl\u00e4rung gebunden ist.<\/span><\/p>\n\n\n\n<p><span style=\"font-family: colabreg;\"><strong>2.4<\/strong> Die Frist zur Annahme des Angebots beginnt am Tag nach der Absendung des Angebots durch den Kunden zu laufen und endet mit dem Ablauf des f\u00fcnften Tages, welcher auf die Absendung des Angebots folgt.<\/span><\/p>\n\n\n\n<p><span style=\"font-family: colabreg;\"><strong>2.5<\/strong> Bei der Abgabe eines Angebots \u00fcber das Online-Bestellformular des Verk\u00e4ufers wird der Vertragstext vom Verk\u00e4ufer gespeichert und dem Kunden nach Absendung seiner Bestellung nebst den vorliegenden AGB in Textform (z. B. E-Mail, Fax oder Brief) zugeschickt. Der Vertragstext kann vom Kunden nach Absendung seiner Bestellung jedoch nicht mehr \u00fcber die Internetseite des Verk\u00e4ufers abgerufen werden.<\/span><\/p>\n\n\n\n<p><span style=\"font-family: colabreg;\"><strong>2.6<\/strong> Vor verbindlicher Abgabe der Bestellung \u00fcber das Online-Bestellformular des Verk\u00e4ufers kann der Kunde seine Eingaben laufend \u00fcber die \u00fcblichen Tastatur- und Mausfunktionen korrigieren. Dar\u00fcber hinaus werden alle Eingaben vor der verbindlichen Abgabe der Bestellung noch einmal in einem Best\u00e4tigungsfenster angezeigt und k\u00f6nnen auch dort mittels der \u00fcblichen Tastatur- und Mausfunktionen korrigiert werden.<\/span><\/p>\n\n\n\n<p><span style=\"font-family: colabreg;\"><strong>2.7<\/strong> F\u00fcr den Vertragsschluss steht ausschlie\u00dflich die deutsche Sprache zur Verf\u00fcgung.<\/span><\/p>\n\n\n\n<p><span style=\"font-family: colabreg;\"><strong>2.8<\/strong> Die Bestellabwicklung und Kontaktaufnahme finden in der Regel per E-Mail und automatisierter Bestellabwicklung statt. Der Kunde hat sicherzustellen, dass die von ihm zur Bestellabwicklung angegebene E-Mail-Adresse zutreffend ist, so dass unter dieser Adresse die vom Verk\u00e4ufer versandten E-Mails empfangen werden k\u00f6nnen. Insbesondere hat der Kunde bei dem Einsatz von SPAM-Filtern sicherzustellen, dass alle vom Verk\u00e4ufer oder von diesem mit der Bestellabwicklung beauftragten Dritten versandten E-Mails zugestellt werden k\u00f6nnen.<\/span><\/p>\n\n\n\n<h2 class=\"wp-block-heading\"><span style=\"font-family: colabreg;\">3. Widerrufsrecht<\/span><\/h2>\n\n\n\n<p><span style=\"font-family: colabreg;\"><strong>3.1<\/strong> Verbrauchern steht grunds\u00e4tzlich ein Widerrufsrecht zu.<\/span><\/p>\n\n\n\n<p><span style=\"font-family: colabreg;\"><strong>3.2<\/strong> N\u00e4here Informationen zum Widerrufsrecht ergeben sich aus der <a href=\"http:\/\/www.2ungrad.de\/laden\/?page_id=326\">Widerrufsbelehrung<\/a> des Verk\u00e4ufers.<\/span><\/p>\n\n\n\n<p><span style=\"font-family: colabreg;\"><strong>3.3<\/strong> Das Widerrufsrecht gilt nicht f\u00fcr Verbraucher, die zum Zeitpunkt des Vertragsschlusses keinem Mitgliedstaat der Europ\u00e4ischen Union angeh\u00f6ren und deren alleiniger Wohnsitz und Lieferadresse zum Zeitpunkt des Vertragsschlusses au\u00dferhalb der Europ\u00e4ischen Union liegen.<\/span><\/p>\n\n\n\n<h2 class=\"wp-block-heading\"><span style=\"font-family: colabreg;\">4. Preise und Zahlungsbedingungen<\/span><\/h2>\n\n\n\n<p><span style=\"font-family: colabreg;\"><strong>4.1<\/strong> Sofern sich aus der Produktbeschreibung des Verk\u00e4ufers nichts anderes ergibt, handelt es sich bei den angegebenen Preisen um Gesamtpreise, die die gesetzliche Umsatzsteuer enthalten. Gegebenenfalls zus\u00e4tzlich anfallende Liefer- und Versandkosten werden in der jeweiligen Produktbeschreibung gesondert angegeben.<\/span><\/p>\n\n\n\n<p><span style=\"font-family: colabreg;\"><strong>4.2<\/strong> Bei Lieferungen in L\u00e4nder au\u00dferhalb der Europ\u00e4ischen Union k\u00f6nnen im Einzelfall weitere Kosten anfallen, die der Verk\u00e4ufer nicht zu vertreten hat und die vom Kunden zu tragen sind. Hierzu z\u00e4hlen beispielsweise Kosten f\u00fcr die Geld\u00fcbermittlung durch Kreditinstitute (z.B. \u00dcberweisungsgeb\u00fchren, Wechselkursgeb\u00fchren) oder einfuhrrechtliche Abgaben bzw. Steuern (z.B. Z\u00f6lle). Solche Kosten k\u00f6nnen in Bezug auf die Geld\u00fcbermittlung auch dann anfallen, wenn die Lieferung nicht in ein Land au\u00dferhalb der Europ\u00e4ischen Union erfolgt, der Kunde die Zahlung aber von einem Land au\u00dferhalb der Europ\u00e4ischen Union aus vornimmt.<\/span><\/p>\n\n\n\n<p><span style=\"font-family: colabreg;\"><strong>4.3<\/strong> Dem Kunden stehen verschiedene Zahlungsm\u00f6glichkeiten zur Verf\u00fcgung, die im Online-Shop des Verk\u00e4ufers angegeben werden.<\/span><\/p>\n\n\n\n<p><span style=\"font-family: colabreg;\"><strong>4.4<\/strong> Ist Vorauskasse vereinbart, ist die Zahlung sofort nach Vertragsabschluss f\u00e4llig.<\/span><\/p>\n\n\n\n<p><span style=\"font-family: colabreg;\"><strong>4.5<\/strong> Bei Zahlung mittels einer von PayPal angebotenen Zahlungsart erfolgt die Zahlungsabwicklung \u00fcber den Zahlungsdienstleister PayPal (Europe) S.\u00e0 r.l. et Cie, S.C.A., 22-24 Boulevard Royal, L-2449 Luxembourg (im Folgenden: &#8222;PayPal&#8220;), unter Geltung der PayPal-Nutzungsbedingungen, einsehbar unter https:\/\/www.paypal.com\/de\/webapps\/mpp\/ua\/useragreement-full oder &#8211; falls der Kunde nicht \u00fcber ein PayPal-Konto verf\u00fcgt \u2013 unter Geltung der Bedingungen f\u00fcr Zahlungen ohne PayPal-Konto, einsehbar unter https:\/\/www.paypal.com\/de\/webapps\/mpp\/ua\/privacywax-full.<\/span><\/p>\n\n\n\n<h2 class=\"wp-block-heading\"><span style=\"font-family: colabreg;\">5. Liefer- und Versandbedingungen<\/span><\/h2>\n\n\n\n<p><span style=\"font-family: colabreg;\"><strong>5.1<\/strong> Die Lieferung von Waren erfolgt auf dem Versandweg an die vom Kunden angegebene Lieferanschrift, sofern nichts anderes vereinbart ist. Bei der Abwicklung der Transaktion ist die in der Bestellabwicklung des Verk\u00e4ufers angegebene Lieferanschrift ma\u00dfgeblich.<\/span><\/p>\n\n\n\n<p><span style=\"font-family: colabreg;\"><strong>5.2<\/strong> Sendet das Transportunternehmen die versandte Ware an den Verk\u00e4ufer zur\u00fcck, da eine Zustellung beim Kunden nicht m\u00f6glich war, tr\u00e4gt der Kunde die Kosten f\u00fcr den erfolglosen Versand. Dies gilt nicht, wenn der Kunde sein Widerrufsrecht wirksam aus\u00fcbt, wenn er den Umstand, der zur Unm\u00f6glichkeit der Zustellung gef\u00fchrt hat, nicht zu vertreten hat oder wenn er vor\u00fcbergehend an der Annahme der angebotenen Leistung verhindert war, es sei denn, dass der Verk\u00e4ufer ihm die Leistung eine angemessene Zeit vorher angek\u00fcndigt hatte.<\/span><\/p>\n\n\n\n<h2 class=\"wp-block-heading\"><span style=\"font-family: colabreg;\">6. Eigentumsvorbehalt<\/span><\/h2>\n\n\n\n<p><span style=\"font-family: colabreg;\">Tritt der Verk\u00e4ufer in Vorleistung, beh\u00e4lt er sich bis zur vollst\u00e4ndigen Bezahlung des geschuldeten Kaufpreises das Eigentum an der gelieferten Ware vor.<\/span><\/p>\n\n\n\n<h2 class=\"wp-block-heading\"><span style=\"font-family: colabreg;\">7. M\u00e4ngelhaftung (Gew\u00e4hrleistung)<\/span><\/h2>\n\n\n\n<p><span style=\"font-family: colabreg;\"><strong>7.1<\/strong> Ist die Kaufsache mangelhaft, gelten die Vorschriften der gesetzlichen M\u00e4ngelhaftung.<\/span><\/p>\n\n\n\n<p><span style=\"font-family: colabreg;\"><strong>7.2<\/strong> Abweichend hiervon betr\u00e4gt die Verj\u00e4hrungsfrist f\u00fcr M\u00e4ngelanspr\u00fcche bei gebrauchten Waren ein Jahr ab Ablieferung der Ware an den Kunden. Die Verk\u00fcrzung der Verj\u00e4hrungsfrist auf ein Jahr gilt jedoch nicht<\/span><\/p>\n\n\n\n<ul class=\"wp-block-list\">\n<li><span style=\"font-family: colabreg;\">f\u00fcr Sachen, die entsprechend ihrer \u00fcblichen Verwendungsweise f\u00fcr ein Bauwerk verwendet worden sind und dessen Mangelhaftigkeit verursacht haben,<\/span><\/li>\n\n\n\n<li><span style=\"font-family: colabreg;\">f\u00fcr Sch\u00e4den aus der Verletzung des Lebens, des K\u00f6rpers oder der Gesundheit, die auf einer vors\u00e4tzlichen oder fahrl\u00e4ssigen Pflichtverletzung des Verk\u00e4ufers oder einer vors\u00e4tzlichen oder fahrl\u00e4ssigen Pflichtverletzung eines gesetzlichen Vertreters oder Erf\u00fcllungsgehilfen des Verk\u00e4ufers beruhen,<\/span><\/li>\n\n\n\n<li><span style=\"font-family: colabreg;\">f\u00fcr sonstige Sch\u00e4den, die auf einer vors\u00e4tzlichen oder grob fahrl\u00e4ssigen Pflichtverletzung des Verk\u00e4ufers oder auf einer vors\u00e4tzlichen oder grob fahrl\u00e4ssigen Pflichtverletzung eines gesetzlichen Vertreters oder Erf\u00fcllungsgehilfen des Verwenders beruhen, sowie<\/span><\/li>\n\n\n\n<li><span style=\"font-family: colabreg;\">f\u00fcr den Fall, dass der Verk\u00e4ufer den Mangel arglistig verschwiegen hat.<\/span><\/li>\n<\/ul>\n\n\n\n<p><span style=\"font-family: colabreg;\"><strong>7.3<\/strong> Der Kunde wird gebeten, angelieferte Waren mit offensichtlichen Transportsch\u00e4den bei dem Zusteller zu reklamieren und den Verk\u00e4ufer hiervon in Kenntnis zu setzen. Kommt der Kunde dem nicht nach, hat dies keinerlei Auswirkungen auf seine gesetzlichen oder vertraglichen M\u00e4ngelanspr\u00fcche.<\/span><\/p>\n\n\n\n<h2 class=\"wp-block-heading\"><span style=\"font-family: colabreg;\">8. Anwendbares Recht<\/span><\/h2>\n\n\n\n<p><span style=\"font-family: colabreg;\"><strong>8.1<\/strong> F\u00fcr s\u00e4mtliche Rechtsbeziehungen der Parteien gilt das Recht der Bundesrepublik Deutschland unter Ausschluss der Gesetze \u00fcber den internationalen Kauf beweglicher Waren. Bei Verbrauchern gilt diese Rechtswahl nur insoweit, als nicht der gew\u00e4hrte Schutz durch zwingende Bestimmungen des Rechts des Staates, in dem der Verbraucher seinen gew\u00f6hnlichen Aufenthalt hat, entzogen wird.<\/span><\/p>\n\n\n\n<p><span style=\"font-family: colabreg;\"><strong>8.2<\/strong> Ferner gilt diese Rechtswahl im Hinblick auf das gesetzliche Widerrufsrecht nicht bei Verbrauchern, die zum Zeitpunkt des Vertragsschlusses keinem Mitgliedstaat der Europ\u00e4ischen Union angeh\u00f6ren und deren alleiniger Wohnsitz und Lieferadresse zum Zeitpunkt des Vertragsschlusses au\u00dferhalb der Europ\u00e4ischen Union liegen.<\/span><\/p>\n\n\n\n<h2 class=\"wp-block-heading\"><span style=\"font-family: colabreg;\">9. Gerichtsstand<\/span><\/h2>\n\n\n\n<p><span style=\"font-family: colabreg;\">Handelt der Kunde als Kaufmann, juristische Person des \u00f6ffentlichen Rechts oder \u00f6ffentlich-rechtliches Sonderverm\u00f6gen mit Sitz im Hoheitsgebiet der Bundesrepublik Deutschland, ist ausschlie\u00dflicher Gerichtsstand f\u00fcr alle Streitigkeiten aus diesem Vertrag der Gesch\u00e4ftssitz des Verk\u00e4ufers. Hat der Kunde seinen Sitz au\u00dferhalb des Hoheitsgebiets der Bundesrepublik Deutschland, so ist der Gesch\u00e4ftssitz des Verk\u00e4ufers ausschlie\u00dflicher Gerichtsstand f\u00fcr alle Streitigkeiten aus diesem Vertrag, wenn der Vertrag oder Anspr\u00fcche aus dem Vertrag der beruflichen oder gewerblichen T\u00e4tigkeit des Kunden zugerechnet werden k\u00f6nnen. Der Verk\u00e4ufer ist in den vorstehenden F\u00e4llen jedoch in jedem Fall berechtigt, das Gericht am Sitz des Kunden anzurufen.<\/span><\/p>\n\n\n\n<h2 class=\"wp-block-heading\"><span style=\"font-family: colabreg;\">10. Informationen zur Online-Streitbeilegung<\/span><\/h2>\n\n\n\n<h5 class=\"wp-block-heading\"><span style=\"font-family: colabreg;\">Beschwerdeverfahren<\/span><\/h5>\n\n\n\n<p><span style=\"font-family: colabreg;\"><div class=\"woocommerce woocommerce-gzd woocommerce-gzd-complaints-shortcode\">\n\t\t\t<h3>Alternative Streitbeilegung gem\u00e4\u00df Art. 14 Abs. 1 ODR-VO und \u00a7 36 VSBG:<\/h3>\n\t\nZur Teilnahme an einem Streitbeilegungsverfahren vor einer Verbraucherschlichtungsstelle sind wir nicht verpflichtet und nicht bereit.<\/div><\/span><\/p>\n\n\n\n<p><span style=\"font-family: colabreg;\">Stand: 02. Januar 2023<\/span><\/p>\n\n\n\n<p><span style=\"font-family: colabreg;\">2un\u00b0, Friedrich Emde, Falkenweg 29, 76199 Karlsruhe<\/span><\/p>\n","protected":false},"excerpt":{"rendered":"<p>Allgemeine Gesch\u00e4ftsbedingungen&nbsp; 1. Geltungsbereich 1.1 Diese Allgemeinen Gesch\u00e4ftsbedingungen (nachfolgend &#8222;AGB&#8220;) von 2un\u00b0 (nachfolgend &#8222;Verk\u00e4ufer&#8220;), gelten f\u00fcr alle Vertr\u00e4ge, die ein Verbraucher oder Unternehmer (nachfolgend &#8222;Kunde&#8220;) mit dem Verk\u00e4ufer hinsichtlich der vom Verk\u00e4ufer in seinem Online-Shop dargestellten Waren und\/oder Leistungen abschlie\u00dft. Hiermit wird der Einbeziehung von eigenen Bedingungen des Kunden widersprochen, es sei denn, es ist [&hellip;]<\/p>\n","protected":false},"author":3,"featured_media":0,"parent":0,"menu_order":0,"comment_status":"closed","ping_status":"closed","template":"template-fullwidth.php","meta":{"footnotes":""},"class_list":["post-325","page","type-page","status-publish","hentry","gallery-content-unit"],"_links":{"self":[{"href":"https:\/\/www.2ungrad.de\/laden\/wp-json\/wp\/v2\/pages\/325","targetHints":{"allow":["GET"]}}],"collection":[{"href":"https:\/\/www.2ungrad.de\/laden\/wp-json\/wp\/v2\/pages"}],"about":[{"href":"https:\/\/www.2ungrad.de\/laden\/wp-json\/wp\/v2\/types\/page"}],"author":[{"embeddable":true,"href":"https:\/\/www.2ungrad.de\/laden\/wp-json\/wp\/v2\/users\/3"}],"replies":[{"embeddable":true,"href":"https:\/\/www.2ungrad.de\/laden\/wp-json\/wp\/v2\/comments?post=325"}],"version-history":[{"count":2,"href":"https:\/\/www.2ungrad.de\/laden\/wp-json\/wp\/v2\/pages\/325\/revisions"}],"predecessor-version":[{"id":9359,"href":"https:\/\/www.2ungrad.de\/laden\/wp-json\/wp\/v2\/pages\/325\/revisions\/9359"}],"wp:attachment":[{"href":"https:\/\/www.2ungrad.de\/laden\/wp-json\/wp\/v2\/media?parent=325"}],"curies":[{"name":"wp","href":"https:\/\/api.w.org\/{rel}","templated":true}]}}