{"id":2318,"date":"2019-02-04T22:51:01","date_gmt":"2019-02-04T20:51:01","guid":{"rendered":"https:\/\/www.2ungrad.de\/laden\/?page_id=2318"},"modified":"2026-04-05T11:54:33","modified_gmt":"2026-04-05T09:54:33","slug":"termine","status":"publish","type":"page","link":"https:\/\/www.2ungrad.de\/laden\/termine\/","title":{"rendered":"Termine"},"content":{"rendered":"\n<p class=\"has-medium-font-size\">Immer unterwegs&#8230;.<br><br>Im Kopf, mit den Beinen und unseren Produkten im Gep\u00e4ck. Kreuz und quer durchs Land kann man uns immer wieder neu erleben. Und nat\u00fcrlich auch eines unserer einzigartigen Produkte gleich mitnehmen. Aber das Wichtigste: Ins Gespr\u00e4ch zu kommen, sich auszutauschen, Feedback mitzunehmen und dieses wieder in den jeweiligen Alltag einfliessen zu lassen.<\/p>\n\n\n\n<p class=\"has-medium-font-size\">Und schon surfen wir ins neue Jahr, willkommen 2026&#8230;<\/p>\n\n\n\n<p class=\"has-medium-font-size\">Und neu: Click and Collect. Gerne k\u00f6nnt ihr ein Produkt hier im Shop erwerben und wir bringen es euch mit auf euren Lieblingsmarkt. Dazu einfach in der Kaufabwicklung &#8222;Selbstabholung&#8220; ausw\u00e4hlen und in den Bemerkungen hinzuf\u00fcgen, auf welchem Markt ihr eure Bestellung abholen wollt. Denkt daran, dass manche M\u00e4rkte Eintritt verlangen. Daf\u00fcr spart ihr euch und uns das Porto.<\/p>\n\n\n\n<p class=\"has-medium-font-size\"><mark style=\"background-color:rgba(0, 0, 0, 0)\" class=\"has-inline-color has-black-color\"><\/mark><\/p>\n\n\n\n<p><\/p>\n\n\n\n<p class=\"has-text-align-center has-black-color has-text-color has-medium-font-size\"><strong>18. und 19. April 2026. Kunst- und Designmarkt. N\u00fcrnberg. Ofenwerk.<\/strong><\/p>\n\n\n\n<p class=\"has-text-align-center has-black-color has-text-color has-medium-font-size\"><strong>18. und 19. April 2026. Markt der handwerklichen K\u00fcnste. Gengenbach.<\/strong><\/p>\n\n\n\n<p class=\"has-text-align-center has-black-color has-text-color has-medium-font-size\"><strong>25. und 26. April 2026. Kunst- und Designmarkt. Augsburg. Altes Postlager.<\/strong><\/p>\n\n\n\n<p class=\"has-text-align-center has-black-color has-text-color has-medium-font-size\"><strong>26. April 2026. Tausendsch\u00f6n. Lauffen\/Neckar. Kloster.<\/strong><\/p>\n\n\n\n<p class=\"has-text-align-center has-black-color has-text-color has-medium-font-size\"><strong>2. und 3. Mai 2026. Kunst- und Designmarkt. M\u00fcnchen. MVG-Museum.<\/strong><\/p>\n\n\n\n<p class=\"has-text-align-center has-black-color has-text-color has-medium-font-size\"><strong>9. und 10. Mai 2026. Kunsthandwerkermarkt. Forchheim. Kaiserpfalz.<\/strong><\/p>\n\n\n\n<p class=\"has-text-align-center has-black-color has-text-color has-medium-font-size\"><strong>24. und 25. Mai 2026. Burgfest. Mainz. Gustavsburg.<\/strong><\/p>\n\n\n\n<p class=\"has-text-align-center has-black-color has-text-color has-medium-font-size\"><strong>13. und 14. Juni 2026. Stadtgr\u00fcndungsfest. M\u00fcnchen.<\/strong><\/p>\n\n\n\n<p class=\"has-text-align-center has-black-color has-text-color has-medium-font-size\"><strong>19. bis 22. Juni 2026. Johannisnacht. Mainz.<\/strong><\/p>\n\n\n\n<p class=\"has-text-align-center has-black-color has-text-color has-medium-font-size\"><strong>27. und 28. Juni 2026. Kunsthandwerkermarkt. Marbach\/Neckar.<\/strong><\/p>\n\n\n\n<p class=\"has-text-align-center has-black-color has-text-color has-medium-font-size\"><strong>3. bis 5. Juli 2026. Tanz- und Folkfestival. Rudolstadt.<\/strong><\/p>\n\n\n\n<p class=\"has-text-align-center has-black-color has-text-color has-medium-font-size\"><strong>18. und 19. Juli 2026. Kunsthandwerkermarkt. Waal.<\/strong><\/p>\n\n\n\n<p class=\"has-text-align-center has-black-color has-text-color has-medium-font-size\"><strong>24. bis 26. Juli 2026. Promenadenfest. \u00dcberlingen. Badgarten.<\/strong><\/p>\n\n\n\n<p><br><\/p>\n\n\n\n<div style=\"height:100px\" aria-hidden=\"true\" class=\"wp-block-spacer\"><\/div>\n\n\n\n<p><\/p>\n\n\n\n<figure class=\"wp-block-gallery has-nested-images columns-default is-cropped alignwide wp-block-gallery-1 is-layout-flex wp-block-gallery-is-layout-flex\">\n<figure class=\"wp-block-image size-large\"><img loading=\"lazy\" decoding=\"async\" width=\"1000\" height=\"667\" data-id=\"2288\" src=\"https:\/\/www.2ungrad.de\/laden\/wp-content\/uploads\/2019\/02\/work-8-1000x667.jpg\" alt=\"\" class=\"wp-image-2288\" srcset=\"https:\/\/www.2ungrad.de\/laden\/wp-content\/uploads\/2019\/02\/work-8.jpg 1000w, https:\/\/www.2ungrad.de\/laden\/wp-content\/uploads\/2019\/02\/work-8-416x277.jpg 416w, https:\/\/www.2ungrad.de\/laden\/wp-content\/uploads\/2019\/02\/work-8-300x200.jpg 300w, https:\/\/www.2ungrad.de\/laden\/wp-content\/uploads\/2019\/02\/work-8-768x512.jpg 768w\" sizes=\"auto, (max-width: 1000px) 100vw, 1000px\" \/><figcaption class=\"wp-element-caption\">Scheyern 2017<\/figcaption><\/figure>\n\n\n\n<figure class=\"wp-block-image size-large\"><img loading=\"lazy\" decoding=\"async\" width=\"550\" height=\"480\" data-id=\"258\" src=\"https:\/\/www.2ungrad.de\/laden\/wp-content\/uploads\/2014\/06\/520206778.jpg\" alt=\"\" class=\"wp-image-258\" srcset=\"https:\/\/www.2ungrad.de\/laden\/wp-content\/uploads\/2014\/06\/520206778.jpg 550w, https:\/\/www.2ungrad.de\/laden\/wp-content\/uploads\/2014\/06\/520206778-416x363.jpg 416w, https:\/\/www.2ungrad.de\/laden\/wp-content\/uploads\/2014\/06\/520206778-300x261.jpg 300w\" sizes=\"auto, (max-width: 550px) 100vw, 550px\" \/><figcaption class=\"wp-element-caption\">N\u00fcrnberg 2015<\/figcaption><\/figure>\n\n\n\n<figure class=\"wp-block-image size-large\"><img loading=\"lazy\" decoding=\"async\" width=\"1000\" height=\"750\" data-id=\"271\" src=\"https:\/\/www.2ungrad.de\/laden\/wp-content\/uploads\/2014\/08\/DSCI0002-1000x750.jpg\" alt=\"\" class=\"wp-image-271\" srcset=\"https:\/\/www.2ungrad.de\/laden\/wp-content\/uploads\/2014\/08\/DSCI0002-1000x750.jpg 1000w, https:\/\/www.2ungrad.de\/laden\/wp-content\/uploads\/2014\/08\/DSCI0002-416x312.jpg 416w, https:\/\/www.2ungrad.de\/laden\/wp-content\/uploads\/2014\/08\/DSCI0002-300x224.jpg 300w, https:\/\/www.2ungrad.de\/laden\/wp-content\/uploads\/2014\/08\/DSCI0002-624x468.jpg 624w\" sizes=\"auto, (max-width: 1000px) 100vw, 1000px\" \/><figcaption class=\"wp-element-caption\">Forchheim 2015<\/figcaption><\/figure>\n\n\n\n<figure class=\"wp-block-image size-full\"><img loading=\"lazy\" decoding=\"async\" width=\"324\" height=\"243\" data-id=\"5661\" src=\"https:\/\/www.2ungrad.de\/laden\/wp-content\/uploads\/2022\/09\/DSCI7617-324x243-1.jpg\" alt=\"\" class=\"wp-image-5661\" srcset=\"https:\/\/www.2ungrad.de\/laden\/wp-content\/uploads\/2022\/09\/DSCI7617-324x243-1.jpg 324w, https:\/\/www.2ungrad.de\/laden\/wp-content\/uploads\/2022\/09\/DSCI7617-324x243-1-300x225.jpg 300w\" sizes=\"auto, (max-width: 324px) 100vw, 324px\" \/><figcaption class=\"wp-element-caption\">Dockville 2014<\/figcaption><\/figure>\n\n\n\n<figure class=\"wp-block-image size-large\"><img loading=\"lazy\" decoding=\"async\" width=\"1000\" height=\"748\" data-id=\"5663\" src=\"https:\/\/www.2ungrad.de\/laden\/wp-content\/uploads\/2022\/09\/Stand_06-11-741-1000x748.jpg\" alt=\"\" class=\"wp-image-5663\" srcset=\"https:\/\/www.2ungrad.de\/laden\/wp-content\/uploads\/2022\/09\/Stand_06-11-741-1000x748.jpg 1000w, https:\/\/www.2ungrad.de\/laden\/wp-content\/uploads\/2022\/09\/Stand_06-11-741-300x224.jpg 300w, https:\/\/www.2ungrad.de\/laden\/wp-content\/uploads\/2022\/09\/Stand_06-11-741-768x575.jpg 768w, https:\/\/www.2ungrad.de\/laden\/wp-content\/uploads\/2022\/09\/Stand_06-11-741-1536x1149.jpg 1536w, https:\/\/www.2ungrad.de\/laden\/wp-content\/uploads\/2022\/09\/Stand_06-11-741-555x415.jpg 555w, https:\/\/www.2ungrad.de\/laden\/wp-content\/uploads\/2022\/09\/Stand_06-11-741.jpg 2048w\" sizes=\"auto, (max-width: 1000px) 100vw, 1000px\" \/><figcaption class=\"wp-element-caption\">Kassel 2021<\/figcaption><\/figure>\n\n\n\n<figure class=\"wp-block-image size-large\"><img loading=\"lazy\" decoding=\"async\" width=\"800\" height=\"600\" data-id=\"2328\" src=\"https:\/\/www.2ungrad.de\/laden\/wp-content\/uploads\/2019\/02\/P1120184.jpg\" alt=\"\" class=\"wp-image-2328\" srcset=\"https:\/\/www.2ungrad.de\/laden\/wp-content\/uploads\/2019\/02\/P1120184.jpg 800w, https:\/\/www.2ungrad.de\/laden\/wp-content\/uploads\/2019\/02\/P1120184-416x312.jpg 416w, https:\/\/www.2ungrad.de\/laden\/wp-content\/uploads\/2019\/02\/P1120184-300x225.jpg 300w, https:\/\/www.2ungrad.de\/laden\/wp-content\/uploads\/2019\/02\/P1120184-768x576.jpg 768w\" sizes=\"auto, (max-width: 800px) 100vw, 800px\" \/><figcaption class=\"wp-element-caption\">Tollwood 2017<\/figcaption><\/figure>\n<\/figure>\n","protected":false},"excerpt":{"rendered":"<p>Immer unterwegs&#8230;. Im Kopf, mit den Beinen und unseren Produkten im Gep\u00e4ck. Kreuz und quer durchs Land kann man uns immer wieder neu erleben. Und nat\u00fcrlich auch eines unserer einzigartigen Produkte gleich mitnehmen. Aber das Wichtigste: Ins Gespr\u00e4ch zu kommen, sich auszutauschen, Feedback mitzunehmen und dieses wieder in den jeweiligen Alltag einfliessen zu lassen. Und [&hellip;]<\/p>\n","protected":false},"author":3,"featured_media":0,"parent":0,"menu_order":0,"comment_status":"closed","ping_status":"closed","template":"template-fullwidth.php","meta":{"footnotes":""},"class_list":["post-2318","page","type-page","status-publish","hentry","gallery-content-unit"],"_links":{"self":[{"href":"https:\/\/www.2ungrad.de\/laden\/wp-json\/wp\/v2\/pages\/2318","targetHints":{"allow":["GET"]}}],"collection":[{"href":"https:\/\/www.2ungrad.de\/laden\/wp-json\/wp\/v2\/pages"}],"about":[{"href":"https:\/\/www.2ungrad.de\/laden\/wp-json\/wp\/v2\/types\/page"}],"author":[{"embeddable":true,"href":"https:\/\/www.2ungrad.de\/laden\/wp-json\/wp\/v2\/users\/3"}],"replies":[{"embeddable":true,"href":"https:\/\/www.2ungrad.de\/laden\/wp-json\/wp\/v2\/comments?post=2318"}],"version-history":[{"count":77,"href":"https:\/\/www.2ungrad.de\/laden\/wp-json\/wp\/v2\/pages\/2318\/revisions"}],"predecessor-version":[{"id":11916,"href":"https:\/\/www.2ungrad.de\/laden\/wp-json\/wp\/v2\/pages\/2318\/revisions\/11916"}],"wp:attachment":[{"href":"https:\/\/www.2ungrad.de\/laden\/wp-json\/wp\/v2\/media?parent=2318"}],"curies":[{"name":"wp","href":"https:\/\/api.w.org\/{rel}","templated":true}]}}